{"id":14002,"date":"2025-11-07T15:16:21","date_gmt":"2025-11-07T14:16:21","guid":{"rendered":"https:\/\/www.ernstbrunn-apotheke.at\/katalog\/produkt\/glucosaminsulfat-250mg-kapseln\/"},"modified":"2025-12-08T13:37:06","modified_gmt":"2025-12-08T12:37:06","slug":"glucosaminsulfat-250mg-kapseln","status":"publish","type":"product","link":"https:\/\/www.ernstbrunn-apotheke.at\/katalog\/produkt\/glucosaminsulfat-250mg-kapseln\/","title":{"rendered":"Glucosaminsulfat 250mg Kapseln"},"content":{"rendered":"<p>Gall Pharma Glucosaminsulfat 250 mg Kapseln enthalten 250 mg Glucosaminsulfat in Form des Kaliumsalzes in einer Hartgelatinekapsel. Glucosaminsulfat ist Baustein f\u00fcr die Knorpelmasse, Sehnen und B\u00e4nder. Dieses Produkt ist in den Packungsgr\u00f6\u00dfen 60 und 180 St\u00fcck erh\u00e4ltlich.<\/p>\n","protected":false},"excerpt":{"rendered":"<p>Gall Pharma Glucosaminsulfat 250 mg Kapseln enthalten 250 mg Glucosaminsulfat in Form des Kaliumsalzes in einer Hartgelatinekapsel. Glucosaminsulfat ist Baustein f\u00fcr die Knorpelmasse, Sehnen und B\u00e4nder. Dieses Produkt ist in den Packungsgr\u00f6\u00dfen 60 und 180 St\u00fcck erh\u00e4ltlich.<\/p>\n","protected":false},"featured_media":14004,"template":"","meta":{"_acf_changed":false},"product_brand":[371],"product_cat":[810],"product_tag":[],"class_list":{"0":"post-14002","1":"product","2":"type-product","3":"status-publish","4":"has-post-thumbnail","6":"product_brand-gall-pharma","7":"product_cat-g","8":"pa_packungsgroesse-180-stueck","10":"first","11":"instock","12":"shipping-taxable","13":"purchasable","14":"product-type-simple"},"acf":[],"_links":{"self":[{"href":"https:\/\/www.ernstbrunn-apotheke.at\/katalog\/wp-json\/wp\/v2\/product\/14002","targetHints":{"allow":["GET"]}}],"collection":[{"href":"https:\/\/www.ernstbrunn-apotheke.at\/katalog\/wp-json\/wp\/v2\/product"}],"about":[{"href":"https:\/\/www.ernstbrunn-apotheke.at\/katalog\/wp-json\/wp\/v2\/types\/product"}],"wp:featuredmedia":[{"embeddable":true,"href":"https:\/\/www.ernstbrunn-apotheke.at\/katalog\/wp-json\/wp\/v2\/media\/14004"}],"wp:attachment":[{"href":"https:\/\/www.ernstbrunn-apotheke.at\/katalog\/wp-json\/wp\/v2\/media?parent=14002"}],"wp:term":[{"taxonomy":"product_brand","embeddable":true,"href":"https:\/\/www.ernstbrunn-apotheke.at\/katalog\/wp-json\/wp\/v2\/product_brand?post=14002"},{"taxonomy":"product_cat","embeddable":true,"href":"https:\/\/www.ernstbrunn-apotheke.at\/katalog\/wp-json\/wp\/v2\/product_cat?post=14002"},{"taxonomy":"product_tag","embeddable":true,"href":"https:\/\/www.ernstbrunn-apotheke.at\/katalog\/wp-json\/wp\/v2\/product_tag?post=14002"}],"curies":[{"name":"wp","href":"https:\/\/api.w.org\/{rel}","templated":true}]}}