{"id":139962,"date":"2025-11-14T20:04:43","date_gmt":"2025-11-14T19:04:43","guid":{"rendered":"https:\/\/www.ernstbrunn-apotheke.at\/katalog\/produkt\/apofit-aetherisches-oel-kampfer-10-ml\/"},"modified":"2025-12-09T10:39:17","modified_gmt":"2025-12-09T09:39:17","slug":"apofit-aetherisches-oel-kampfer-10-ml","status":"publish","type":"product","link":"https:\/\/www.ernstbrunn-apotheke.at\/katalog\/produkt\/apofit-aetherisches-oel-kampfer-10-ml\/","title":{"rendered":"Apofit \u00c4therisches \u00d6l Kampfer 10 ml"},"content":{"rendered":"<p>Apofit \u00c4therisches \u00d6l Kampfer wirkt stark antidepressiv und \u00fcbertr\u00e4gt seine Wirkung auf Menschen, die seelisch und geistig zwiegespalten sind. Zudem beseitigt das \u00d6l Zust\u00e4nde wie mentale Ersch\u00f6pfung, Verwirrung, Unklarheit und Konzentrationsschw\u00e4che. Dar\u00fcber hinaus wirkt Kampfer anregend bei Depressionen und beruhigt bei \u00dcberreiztheit. Nicht zur Einnahme bestimmt!.<\/p>\n","protected":false},"excerpt":{"rendered":"<p>Apofit \u00c4therisches \u00d6l Kampfer wirkt stark antidepressiv und \u00fcbertr\u00e4gt seine Wirkung auf Menschen, die seelisch und geistig zwiegespalten sind. Zudem beseitigt das \u00d6l Zust\u00e4nde wie mentale Ersch\u00f6pfung, Verwirrung, Unklarheit und Konzentrationsschw\u00e4che. Dar\u00fcber hinaus wirkt Kampfer anregend bei Depressionen und beruhigt bei \u00dcberreiztheit. Nicht zur Einnahme bestimmt!.<\/p>\n","protected":false},"featured_media":139964,"template":"","meta":{"_acf_changed":false},"product_brand":[584],"product_cat":[801],"product_tag":[],"class_list":{"0":"post-139962","1":"product","2":"type-product","3":"status-publish","4":"has-post-thumbnail","6":"product_brand-apofit","7":"product_cat-a","8":"pa_packungsgroesse-10ml","10":"first","11":"instock","12":"shipping-taxable","13":"purchasable","14":"product-type-simple"},"acf":[],"_links":{"self":[{"href":"https:\/\/www.ernstbrunn-apotheke.at\/katalog\/wp-json\/wp\/v2\/product\/139962","targetHints":{"allow":["GET"]}}],"collection":[{"href":"https:\/\/www.ernstbrunn-apotheke.at\/katalog\/wp-json\/wp\/v2\/product"}],"about":[{"href":"https:\/\/www.ernstbrunn-apotheke.at\/katalog\/wp-json\/wp\/v2\/types\/product"}],"wp:featuredmedia":[{"embeddable":true,"href":"https:\/\/www.ernstbrunn-apotheke.at\/katalog\/wp-json\/wp\/v2\/media\/139964"}],"wp:attachment":[{"href":"https:\/\/www.ernstbrunn-apotheke.at\/katalog\/wp-json\/wp\/v2\/media?parent=139962"}],"wp:term":[{"taxonomy":"product_brand","embeddable":true,"href":"https:\/\/www.ernstbrunn-apotheke.at\/katalog\/wp-json\/wp\/v2\/product_brand?post=139962"},{"taxonomy":"product_cat","embeddable":true,"href":"https:\/\/www.ernstbrunn-apotheke.at\/katalog\/wp-json\/wp\/v2\/product_cat?post=139962"},{"taxonomy":"product_tag","embeddable":true,"href":"https:\/\/www.ernstbrunn-apotheke.at\/katalog\/wp-json\/wp\/v2\/product_tag?post=139962"}],"curies":[{"name":"wp","href":"https:\/\/api.w.org\/{rel}","templated":true}]}}