{"id":139861,"date":"2025-11-14T20:01:44","date_gmt":"2025-11-14T19:01:44","guid":{"rendered":"https:\/\/www.ernstbrunn-apotheke.at\/katalog\/produkt\/biochemie-nach-dr-schuessler-die-heisse-sieben-adler-pharma-pulver-zur-herstellung-einer-loesung-zum-einnehmen\/"},"modified":"2025-12-09T10:39:00","modified_gmt":"2025-12-09T09:39:00","slug":"biochemie-nach-dr-schuessler-die-heisse-sieben-adler-pharma-pulver-zur-herstellung-einer-loesung-zum-einnehmen","status":"publish","type":"product","link":"https:\/\/www.ernstbrunn-apotheke.at\/katalog\/produkt\/biochemie-nach-dr-schuessler-die-heisse-sieben-adler-pharma-pulver-zur-herstellung-einer-loesung-zum-einnehmen\/","title":{"rendered":"Biochemie nach Dr. Sch\u00fc\u00dfler Die hei\u00dfe Sieben Adler Pharma Pulver zur Herstellung einer L\u00f6sung zum Einnehmen"},"content":{"rendered":"","protected":false},"excerpt":{"rendered":"","protected":false},"featured_media":139863,"template":"","meta":{"_acf_changed":false},"product_brand":[],"product_cat":[802],"product_tag":[],"class_list":{"0":"post-139861","1":"product","2":"type-product","3":"status-publish","4":"has-post-thumbnail","6":"product_cat-b","7":"pa_packungsgroesse-20-stueck","9":"first","10":"instock","11":"shipping-taxable","12":"purchasable","13":"product-type-simple"},"acf":[],"_links":{"self":[{"href":"https:\/\/www.ernstbrunn-apotheke.at\/katalog\/wp-json\/wp\/v2\/product\/139861","targetHints":{"allow":["GET"]}}],"collection":[{"href":"https:\/\/www.ernstbrunn-apotheke.at\/katalog\/wp-json\/wp\/v2\/product"}],"about":[{"href":"https:\/\/www.ernstbrunn-apotheke.at\/katalog\/wp-json\/wp\/v2\/types\/product"}],"wp:featuredmedia":[{"embeddable":true,"href":"https:\/\/www.ernstbrunn-apotheke.at\/katalog\/wp-json\/wp\/v2\/media\/139863"}],"wp:attachment":[{"href":"https:\/\/www.ernstbrunn-apotheke.at\/katalog\/wp-json\/wp\/v2\/media?parent=139861"}],"wp:term":[{"taxonomy":"product_brand","embeddable":true,"href":"https:\/\/www.ernstbrunn-apotheke.at\/katalog\/wp-json\/wp\/v2\/product_brand?post=139861"},{"taxonomy":"product_cat","embeddable":true,"href":"https:\/\/www.ernstbrunn-apotheke.at\/katalog\/wp-json\/wp\/v2\/product_cat?post=139861"},{"taxonomy":"product_tag","embeddable":true,"href":"https:\/\/www.ernstbrunn-apotheke.at\/katalog\/wp-json\/wp\/v2\/product_tag?post=139861"}],"curies":[{"name":"wp","href":"https:\/\/api.w.org\/{rel}","templated":true}]}}