{"id":13974,"date":"2025-11-07T15:16:02","date_gmt":"2025-11-07T14:16:02","guid":{"rendered":"https:\/\/www.ernstbrunn-apotheke.at\/katalog\/produkt\/floramed-gelenk-kollagen-pulver\/"},"modified":"2025-12-08T13:36:58","modified_gmt":"2025-12-08T12:36:58","slug":"floramed-gelenk-kollagen-pulver","status":"publish","type":"product","link":"https:\/\/www.ernstbrunn-apotheke.at\/katalog\/produkt\/floramed-gelenk-kollagen-pulver\/","title":{"rendered":"Floramed Gelenk &#8211; Kollagen Pulver"},"content":{"rendered":"<p>Floramed Kollagenbildung &#038;amp  Knorpelfunktion Pulver ist reich an einer Vielzahl an Vitaminen sowie Spurenelementen. Vitamin C unterst\u00fctzt die Knorpelkollagenbildung und Mangan unterst\u00fctzt die Bindegewebsbildung. Laktose- und Glutenfrei.Health Claims &#8211; gesundheitsbezogene AussagenVitamin C tr\u00e4gt zu einer normalen Kollagenbildung f\u00fcr eine normale Knorpelfunktion beiMangan tr\u00e4gt zu einer normalen Bindegewebsbildung beiVitamin C, Vitamin E und Zink tragen dazu bei, die Zellen vor oxidativem Stress zu sch\u00fctzenBiotin und Vitamin B2 tragen zur Erhaltung normaler Schleimh\u00e4ute beiVitamin B6 tr\u00e4gt zu einer normalen Cystein-Synthese bei<\/p>\n","protected":false},"excerpt":{"rendered":"<p>Floramed Kollagenbildung &#038;amp Knorpelfunktion Pulver ist reich an einer Vielzahl an Vitaminen sowie Spurenelementen. Vitamin C unterst\u00fctzt die Knorpelkollagenbildung und Mangan unterst\u00fctzt die Bindegewebsbildung. Laktose- und Glutenfrei.Health Claims &#8211; gesundheitsbezogene AussagenVitamin C tr\u00e4gt zu einer normalen Kollagenbildung f\u00fcr eine normale Knorpelfunktion beiMangan tr\u00e4gt zu einer normalen Bindegewebsbildung beiVitamin C, Vitamin E und Zink tragen dazu [&hellip;]<\/p>\n","protected":false},"featured_media":13976,"template":"","meta":{"_acf_changed":false},"product_brand":[],"product_cat":[809],"product_tag":[],"class_list":{"0":"post-13974","1":"product","2":"type-product","3":"status-publish","4":"has-post-thumbnail","6":"product_cat-f","7":"pa_packungsgroesse-300g","9":"first","10":"instock","11":"shipping-taxable","12":"purchasable","13":"product-type-simple"},"acf":[],"_links":{"self":[{"href":"https:\/\/www.ernstbrunn-apotheke.at\/katalog\/wp-json\/wp\/v2\/product\/13974","targetHints":{"allow":["GET"]}}],"collection":[{"href":"https:\/\/www.ernstbrunn-apotheke.at\/katalog\/wp-json\/wp\/v2\/product"}],"about":[{"href":"https:\/\/www.ernstbrunn-apotheke.at\/katalog\/wp-json\/wp\/v2\/types\/product"}],"wp:featuredmedia":[{"embeddable":true,"href":"https:\/\/www.ernstbrunn-apotheke.at\/katalog\/wp-json\/wp\/v2\/media\/13976"}],"wp:attachment":[{"href":"https:\/\/www.ernstbrunn-apotheke.at\/katalog\/wp-json\/wp\/v2\/media?parent=13974"}],"wp:term":[{"taxonomy":"product_brand","embeddable":true,"href":"https:\/\/www.ernstbrunn-apotheke.at\/katalog\/wp-json\/wp\/v2\/product_brand?post=13974"},{"taxonomy":"product_cat","embeddable":true,"href":"https:\/\/www.ernstbrunn-apotheke.at\/katalog\/wp-json\/wp\/v2\/product_cat?post=13974"},{"taxonomy":"product_tag","embeddable":true,"href":"https:\/\/www.ernstbrunn-apotheke.at\/katalog\/wp-json\/wp\/v2\/product_tag?post=13974"}],"curies":[{"name":"wp","href":"https:\/\/api.w.org\/{rel}","templated":true}]}}