{"id":139609,"date":"2025-11-14T19:55:52","date_gmt":"2025-11-14T18:55:52","guid":{"rendered":"https:\/\/www.ernstbrunn-apotheke.at\/katalog\/produkt\/taoasis-aetherisches-oel-bio-gruenze-minze-5-ml\/"},"modified":"2025-12-09T10:38:10","modified_gmt":"2025-12-09T09:38:10","slug":"taoasis-aetherisches-oel-bio-gruenze-minze-5-ml","status":"publish","type":"product","link":"https:\/\/www.ernstbrunn-apotheke.at\/katalog\/produkt\/taoasis-aetherisches-oel-bio-gruenze-minze-5-ml\/","title":{"rendered":"Taoasis \u00c4therisches \u00d6l Bio Gr\u00fcnze Minze 5 ml"},"content":{"rendered":"<p>Nicht zur Einnahme bestimmt!<\/p>\n","protected":false},"excerpt":{"rendered":"<p>Nicht zur Einnahme bestimmt!<\/p>\n","protected":false},"featured_media":0,"template":"","meta":{"_acf_changed":false},"product_brand":[577],"product_cat":[798],"product_tag":[],"class_list":{"0":"post-139609","1":"product","2":"type-product","3":"status-publish","5":"product_brand-taoasis","6":"product_cat-t","7":"pa_packungsgroesse-5ml","9":"first","10":"instock","11":"shipping-taxable","12":"purchasable","13":"product-type-simple"},"acf":[],"_links":{"self":[{"href":"https:\/\/www.ernstbrunn-apotheke.at\/katalog\/wp-json\/wp\/v2\/product\/139609","targetHints":{"allow":["GET"]}}],"collection":[{"href":"https:\/\/www.ernstbrunn-apotheke.at\/katalog\/wp-json\/wp\/v2\/product"}],"about":[{"href":"https:\/\/www.ernstbrunn-apotheke.at\/katalog\/wp-json\/wp\/v2\/types\/product"}],"wp:attachment":[{"href":"https:\/\/www.ernstbrunn-apotheke.at\/katalog\/wp-json\/wp\/v2\/media?parent=139609"}],"wp:term":[{"taxonomy":"product_brand","embeddable":true,"href":"https:\/\/www.ernstbrunn-apotheke.at\/katalog\/wp-json\/wp\/v2\/product_brand?post=139609"},{"taxonomy":"product_cat","embeddable":true,"href":"https:\/\/www.ernstbrunn-apotheke.at\/katalog\/wp-json\/wp\/v2\/product_cat?post=139609"},{"taxonomy":"product_tag","embeddable":true,"href":"https:\/\/www.ernstbrunn-apotheke.at\/katalog\/wp-json\/wp\/v2\/product_tag?post=139609"}],"curies":[{"name":"wp","href":"https:\/\/api.w.org\/{rel}","templated":true}]}}