{"id":139595,"date":"2025-11-14T19:55:40","date_gmt":"2025-11-14T18:55:40","guid":{"rendered":"https:\/\/www.ernstbrunn-apotheke.at\/katalog\/produkt\/allergosan-selen-mse-50-mcg-tabletten-120-stk\/"},"modified":"2025-12-09T10:38:08","modified_gmt":"2025-12-09T09:38:08","slug":"allergosan-selen-mse-50-mcg-tabletten-120-stk","status":"publish","type":"product","link":"https:\/\/www.ernstbrunn-apotheke.at\/katalog\/produkt\/allergosan-selen-mse-50-mcg-tabletten-120-stk\/","title":{"rendered":"Allergosan Selen MSE 50 mcg Tabletten 120 Stk."},"content":{"rendered":"<p>Allergosan Selen MSE 50 mcg Tabletten 120 Stk. sind ein Nahrungserg\u00e4nzungsmittel mit 50 \u00b5g Selen pro Tablette, organisch gebunden in Spirulina platensis. Selen ist Bestandteil vieler wichtiger Enzyme in unserem Organismus. Es tr\u00e4gt zum Schutz der Zellen vor oxidativem Stress, zu einer normalen Funktion des Immunsystems, der Schilddr\u00fcsenfunktion, Spermabildung sowie zum Erhalt normaler Haare und N\u00e4gel bei.<\/p>\n","protected":false},"excerpt":{"rendered":"<p>Allergosan Selen MSE 50 mcg Tabletten 120 Stk. sind ein Nahrungserg\u00e4nzungsmittel mit 50 \u00b5g Selen pro Tablette, organisch gebunden in Spirulina platensis. Selen ist Bestandteil vieler wichtiger Enzyme in unserem Organismus. Es tr\u00e4gt zum Schutz der Zellen vor oxidativem Stress, zu einer normalen Funktion des Immunsystems, der Schilddr\u00fcsenfunktion, Spermabildung sowie zum Erhalt normaler Haare und [&hellip;]<\/p>\n","protected":false},"featured_media":0,"template":"","meta":{"_acf_changed":false},"product_brand":[],"product_cat":[801],"product_tag":[],"class_list":{"0":"post-139595","1":"product","2":"type-product","3":"status-publish","5":"product_cat-a","6":"pa_packungsgroesse-120-stueck","8":"first","9":"instock","10":"shipping-taxable","11":"purchasable","12":"product-type-simple"},"acf":[],"_links":{"self":[{"href":"https:\/\/www.ernstbrunn-apotheke.at\/katalog\/wp-json\/wp\/v2\/product\/139595","targetHints":{"allow":["GET"]}}],"collection":[{"href":"https:\/\/www.ernstbrunn-apotheke.at\/katalog\/wp-json\/wp\/v2\/product"}],"about":[{"href":"https:\/\/www.ernstbrunn-apotheke.at\/katalog\/wp-json\/wp\/v2\/types\/product"}],"wp:attachment":[{"href":"https:\/\/www.ernstbrunn-apotheke.at\/katalog\/wp-json\/wp\/v2\/media?parent=139595"}],"wp:term":[{"taxonomy":"product_brand","embeddable":true,"href":"https:\/\/www.ernstbrunn-apotheke.at\/katalog\/wp-json\/wp\/v2\/product_brand?post=139595"},{"taxonomy":"product_cat","embeddable":true,"href":"https:\/\/www.ernstbrunn-apotheke.at\/katalog\/wp-json\/wp\/v2\/product_cat?post=139595"},{"taxonomy":"product_tag","embeddable":true,"href":"https:\/\/www.ernstbrunn-apotheke.at\/katalog\/wp-json\/wp\/v2\/product_tag?post=139595"}],"curies":[{"name":"wp","href":"https:\/\/api.w.org\/{rel}","templated":true}]}}