{"id":139562,"date":"2025-11-14T19:54:31","date_gmt":"2025-11-14T18:54:31","guid":{"rendered":"https:\/\/www.ernstbrunn-apotheke.at\/katalog\/produkt\/aboca-grintuss-hustensaft-kinder\/"},"modified":"2025-12-09T10:38:03","modified_gmt":"2025-12-09T09:38:03","slug":"aboca-grintuss-hustensaft-kinder","status":"publish","type":"product","link":"https:\/\/www.ernstbrunn-apotheke.at\/katalog\/produkt\/aboca-grintuss-hustensaft-kinder\/","title":{"rendered":"Aboca grintuss Hustensaft Kinder"},"content":{"rendered":"<p>GrinTuss Kindersaft ist ein Hustensaft, der zur Linderung von Husten eingesetzt wird, der durch Reizungen der Schleimh\u00e4ute in den oberen Atemwegen hervorgerufen wird. Er enth\u00e4lt den pflanzlichen Komplex Poliresin\u00ae und Honig. Die Formulierung ist vollst\u00e4ndig nat\u00fcrlich, biologisch abbaubar und basiert auf Inhaltsstoffen aus \u00f6kologischem Anbau.<\/p>\n<p>Die physiologischen Eigenschaften von GrinTuss entfalten eine sch\u00fctzende und beruhigende Wirkung auf die oberen Atemwege, die durch verschiedene Mechanismen erreicht wird:<\/p>\n<p><strong>Barriereeffekt<\/strong>: Bildet einen sch\u00fctzenden Film, der an der Schleimhaut haftet und diese vor dem Kontakt mit Reizstoffen bewahrt.<\/p>\n<p><strong>Antioxidative Wirkung<\/strong>: Reduziert freie Radikale, die infolge einer Schleimhautentz\u00fcndung entstehen.<\/p>\n<p><strong>Schmierende Funktion<\/strong>: Verringert die Reibung zwischen Kehldeckel und Rachen w\u00e4hrend des Hustens, um den entz\u00fcndlichen Teufelskreis zu durchbrechen.<\/p>\n<p><strong>Befeuchtender Effekt<\/strong>: Sorgt f\u00fcr eine angenehme Befeuchtung der Rachenschleimhaut.<\/p>\n<p>GrinTuss Kindersaft mildert den Husten, ohne ihn zu unterdr\u00fccken, und unterst\u00fctzt dabei die sch\u00fctzende Funktion der oberen Atemwege.<\/p>\n","protected":false},"excerpt":{"rendered":"<p>GrinTuss Kindersaft ist ein Hustensaft, der zur Linderung von Husten eingesetzt wird, der durch Reizungen der Schleimh\u00e4ute in den oberen Atemwegen hervorgerufen wird. Er enth\u00e4lt den pflanzlichen Komplex Poliresin\u00ae und Honig. Die Formulierung ist vollst\u00e4ndig nat\u00fcrlich, biologisch abbaubar und basiert auf Inhaltsstoffen aus \u00f6kologischem Anbau. Die physiologischen Eigenschaften von GrinTuss entfalten eine sch\u00fctzende und beruhigende [&hellip;]<\/p>\n","protected":false},"featured_media":139564,"template":"","meta":{"_acf_changed":false},"product_brand":[1446],"product_cat":[801],"product_tag":[],"class_list":{"0":"post-139562","1":"product","2":"type-product","3":"status-publish","4":"has-post-thumbnail","6":"product_brand-aboca","7":"product_cat-a","8":"pa_packungsgroesse-210g","10":"first","11":"instock","12":"shipping-taxable","13":"purchasable","14":"product-type-simple"},"acf":[],"_links":{"self":[{"href":"https:\/\/www.ernstbrunn-apotheke.at\/katalog\/wp-json\/wp\/v2\/product\/139562","targetHints":{"allow":["GET"]}}],"collection":[{"href":"https:\/\/www.ernstbrunn-apotheke.at\/katalog\/wp-json\/wp\/v2\/product"}],"about":[{"href":"https:\/\/www.ernstbrunn-apotheke.at\/katalog\/wp-json\/wp\/v2\/types\/product"}],"wp:featuredmedia":[{"embeddable":true,"href":"https:\/\/www.ernstbrunn-apotheke.at\/katalog\/wp-json\/wp\/v2\/media\/139564"}],"wp:attachment":[{"href":"https:\/\/www.ernstbrunn-apotheke.at\/katalog\/wp-json\/wp\/v2\/media?parent=139562"}],"wp:term":[{"taxonomy":"product_brand","embeddable":true,"href":"https:\/\/www.ernstbrunn-apotheke.at\/katalog\/wp-json\/wp\/v2\/product_brand?post=139562"},{"taxonomy":"product_cat","embeddable":true,"href":"https:\/\/www.ernstbrunn-apotheke.at\/katalog\/wp-json\/wp\/v2\/product_cat?post=139562"},{"taxonomy":"product_tag","embeddable":true,"href":"https:\/\/www.ernstbrunn-apotheke.at\/katalog\/wp-json\/wp\/v2\/product_tag?post=139562"}],"curies":[{"name":"wp","href":"https:\/\/api.w.org\/{rel}","templated":true}]}}