{"id":13948,"date":"2025-11-07T15:15:37","date_gmt":"2025-11-07T14:15:37","guid":{"rendered":"https:\/\/www.ernstbrunn-apotheke.at\/katalog\/produkt\/the-nutri-store-msm-500-mg-kapseln-250-stk\/"},"modified":"2025-12-08T13:36:54","modified_gmt":"2025-12-08T12:36:54","slug":"the-nutri-store-msm-500-mg-kapseln-250-stk","status":"publish","type":"product","link":"https:\/\/www.ernstbrunn-apotheke.at\/katalog\/produkt\/the-nutri-store-msm-500-mg-kapseln-250-stk\/","title":{"rendered":"The Nutri Store MSM 500 mg Kapseln 250 Stk."},"content":{"rendered":"<p>The Nutri Store MSM 500 mg Kapseln enthalten 500 mg reines Methylsulfonylmethan (MSM) bester Qualit\u00e4t. Verzehrsempfehlung: Verzehren Sie 3 mal t\u00e4glich 1 bis 2 Kapseln mit ausreichend Fl\u00fcssigkeit zu den Mahlzeiten. Die Anwendung sollte \u00fcber einen l\u00e4ngeren Zeitraum erfolgen.<\/p>\n","protected":false},"excerpt":{"rendered":"<p>The Nutri Store MSM 500 mg Kapseln enthalten 500 mg reines Methylsulfonylmethan (MSM) bester Qualit\u00e4t. Verzehrsempfehlung: Verzehren Sie 3 mal t\u00e4glich 1 bis 2 Kapseln mit ausreichend Fl\u00fcssigkeit zu den Mahlzeiten. Die Anwendung sollte \u00fcber einen l\u00e4ngeren Zeitraum erfolgen.<\/p>\n","protected":false},"featured_media":13950,"template":"","meta":{"_acf_changed":false},"product_brand":[],"product_cat":[798],"product_tag":[],"class_list":{"0":"post-13948","1":"product","2":"type-product","3":"status-publish","4":"has-post-thumbnail","6":"product_cat-t","7":"pa_packungsgroesse-250-stueck","9":"first","10":"instock","11":"shipping-taxable","12":"purchasable","13":"product-type-simple"},"acf":[],"_links":{"self":[{"href":"https:\/\/www.ernstbrunn-apotheke.at\/katalog\/wp-json\/wp\/v2\/product\/13948","targetHints":{"allow":["GET"]}}],"collection":[{"href":"https:\/\/www.ernstbrunn-apotheke.at\/katalog\/wp-json\/wp\/v2\/product"}],"about":[{"href":"https:\/\/www.ernstbrunn-apotheke.at\/katalog\/wp-json\/wp\/v2\/types\/product"}],"wp:featuredmedia":[{"embeddable":true,"href":"https:\/\/www.ernstbrunn-apotheke.at\/katalog\/wp-json\/wp\/v2\/media\/13950"}],"wp:attachment":[{"href":"https:\/\/www.ernstbrunn-apotheke.at\/katalog\/wp-json\/wp\/v2\/media?parent=13948"}],"wp:term":[{"taxonomy":"product_brand","embeddable":true,"href":"https:\/\/www.ernstbrunn-apotheke.at\/katalog\/wp-json\/wp\/v2\/product_brand?post=13948"},{"taxonomy":"product_cat","embeddable":true,"href":"https:\/\/www.ernstbrunn-apotheke.at\/katalog\/wp-json\/wp\/v2\/product_cat?post=13948"},{"taxonomy":"product_tag","embeddable":true,"href":"https:\/\/www.ernstbrunn-apotheke.at\/katalog\/wp-json\/wp\/v2\/product_tag?post=13948"}],"curies":[{"name":"wp","href":"https:\/\/api.w.org\/{rel}","templated":true}]}}