{"id":139437,"date":"2025-11-14T19:51:33","date_gmt":"2025-11-14T18:51:33","guid":{"rendered":"https:\/\/www.ernstbrunn-apotheke.at\/katalog\/produkt\/spagyra-dr-schuessler-nr-1-calcium-fluoratum-spagyra-20-ml-d-12-globuli\/"},"modified":"2025-12-09T10:37:44","modified_gmt":"2025-12-09T09:37:44","slug":"spagyra-dr-schuessler-nr-1-calcium-fluoratum-spagyra-20-ml-d-12-globuli","status":"publish","type":"product","link":"https:\/\/www.ernstbrunn-apotheke.at\/katalog\/produkt\/spagyra-dr-schuessler-nr-1-calcium-fluoratum-spagyra-20-ml-d-12-globuli\/","title":{"rendered":"Spagyra Dr. Sch\u00fc\u00dfler Nr. 1 Calcium Fluoratum Spagyra 20 ml D 12 Globuli"},"content":{"rendered":"<p>Spagyra potenzieren ihre hom\u00f6opathischen Arzneimittel bis zur zweihundertsten Potenz klassisch von Hand. Insbesondere bei Hoch- und H\u00f6chstpotenzen arbeiten Spagyra auch mit einer eigens entwickelten pneumatischen Potenzieranlage. Dar\u00fcber hinaus stellt die Lohnfertigung f\u00fcr unterschiedliche hom\u00f6opathische Unternehmen nach individuellen Rezepturen einen wichtigen Teil der t\u00e4glichen Arbeit dar. F\u00fcr die Firma Sanum-Kehlbeck schlie\u00dflich ist Spagyra als \u00f6sterreichischer Depositeur t\u00e4tig und stellt damit die Versorgung der Apotheken mit Pr\u00e4paraten dieses Unternehmens sicher.<\/p>\n","protected":false},"excerpt":{"rendered":"<p>Spagyra potenzieren ihre hom\u00f6opathischen Arzneimittel bis zur zweihundertsten Potenz klassisch von Hand. Insbesondere bei Hoch- und H\u00f6chstpotenzen arbeiten Spagyra auch mit einer eigens entwickelten pneumatischen Potenzieranlage. Dar\u00fcber hinaus stellt die Lohnfertigung f\u00fcr unterschiedliche hom\u00f6opathische Unternehmen nach individuellen Rezepturen einen wichtigen Teil der t\u00e4glichen Arbeit dar. F\u00fcr die Firma Sanum-Kehlbeck schlie\u00dflich ist Spagyra als \u00f6sterreichischer Depositeur [&hellip;]<\/p>\n","protected":false},"featured_media":0,"template":"","meta":{"_acf_changed":false},"product_brand":[],"product_cat":[791],"product_tag":[],"class_list":{"0":"post-139437","1":"product","2":"type-product","3":"status-publish","5":"product_cat-s","6":"pa_packungsgroesse-20g","8":"first","9":"instock","10":"shipping-taxable","11":"purchasable","12":"product-type-simple"},"acf":[],"_links":{"self":[{"href":"https:\/\/www.ernstbrunn-apotheke.at\/katalog\/wp-json\/wp\/v2\/product\/139437","targetHints":{"allow":["GET"]}}],"collection":[{"href":"https:\/\/www.ernstbrunn-apotheke.at\/katalog\/wp-json\/wp\/v2\/product"}],"about":[{"href":"https:\/\/www.ernstbrunn-apotheke.at\/katalog\/wp-json\/wp\/v2\/types\/product"}],"wp:attachment":[{"href":"https:\/\/www.ernstbrunn-apotheke.at\/katalog\/wp-json\/wp\/v2\/media?parent=139437"}],"wp:term":[{"taxonomy":"product_brand","embeddable":true,"href":"https:\/\/www.ernstbrunn-apotheke.at\/katalog\/wp-json\/wp\/v2\/product_brand?post=139437"},{"taxonomy":"product_cat","embeddable":true,"href":"https:\/\/www.ernstbrunn-apotheke.at\/katalog\/wp-json\/wp\/v2\/product_cat?post=139437"},{"taxonomy":"product_tag","embeddable":true,"href":"https:\/\/www.ernstbrunn-apotheke.at\/katalog\/wp-json\/wp\/v2\/product_tag?post=139437"}],"curies":[{"name":"wp","href":"https:\/\/api.w.org\/{rel}","templated":true}]}}