{"id":139094,"date":"2025-11-14T19:29:41","date_gmt":"2025-11-14T18:29:41","guid":{"rendered":"https:\/\/www.ernstbrunn-apotheke.at\/katalog\/produkt\/manuka-honig-mgo-400-hustenbonbons-ingwer-zitrone\/"},"modified":"2025-12-09T10:36:15","modified_gmt":"2025-12-09T09:36:15","slug":"manuka-honig-mgo-400-hustenbonbons-ingwer-zitrone","status":"publish","type":"product","link":"https:\/\/www.ernstbrunn-apotheke.at\/katalog\/produkt\/manuka-honig-mgo-400-hustenbonbons-ingwer-zitrone\/","title":{"rendered":"Manuka Honig MGO 400+ Hustenbonbons Ingwer-Zitrone"},"content":{"rendered":"<p>Die leckeren und nat\u00fcrlichen M\u0101nuka Honig Hustenbonbons von Manuka Health in der Geschmacksrichtung Ingwer-Zitrone mit original MGO 400+ M\u0101nuka Honig aus Neuseeland und Vitamin C. Mit der w\u00e4rmenden Sch\u00e4rfe von Ingwer un dem fruchtigen Geschmack von Zitrone.<\/p>\n<p>Zur Steigerung des Wolhbefindens, auch ein idealer Begleiter in der kalten Jahreszeit.<\/p>\n<p>Unsere leckeren und wohltuenden M\u0101nuka Honig Hustenbonbons mit Ingwer-Zitrone Geschmack von Manuka Health mit neuseel\u00e4ndischem MGO 400+ M\u0101nuka Honig und Vitamin C.<\/p>\n<p>Ob als Begleiter im Winter oder zur t\u00e4glichen Unterst\u00fctzung des Wohlbefindens, die M\u0101nuka Honig Hustenbonbons Ingwer-Zitrone sind eine Wohltat aus 100% nat\u00fcrlichen Zutaten. Der enthaltene M\u0101nuka Honig hat einen MGO Gehalt von mindestens 400mg Methylglyoxal pro kg Honig.<\/p>\n<p>Genie\u00dfen Sie unsere\u00a0Hustenbonbons mit der w\u00e4rmenden Sch\u00e4rfe von Ingwer und fruchtigem Zitronengeschmack.<\/p>\n<p>Unsere M\u0101nuka Honig Hustenbonbons Ingwer-Zitrone enthalten keine k\u00fcnstliche Aromen und eignen sich f\u00fcr Vegetarier.<\/p>\n<p><strong>N\u00c4HRWERTANGABEN je 100g<\/strong><\/p>\n<table>\n<tbody>\n<tr>\n<td>Energie<\/td>\n<td>1690 KJ\/404 kcal<\/td>\n<\/tr>\n<tr>\n<td>Fett<\/td>\n<td>0,2 g<\/td>\n<\/tr>\n<tr>\n<td>&#8211; davon ges\u00e4ttigte Fetts\u00e4uren<\/td>\n<td>0,1 g<\/td>\n<\/tr>\n<tr>\n<td>Kohlenhydrate<\/td>\n<td>99 g<\/td>\n<\/tr>\n<tr>\n<td>&#8211; davon Zucker<\/td>\n<td>71 g<\/td>\n<\/tr>\n<tr>\n<td>Eiwei\u00df<\/td>\n<td>0,3 g<\/td>\n<\/tr>\n<tr>\n<td>Salz<\/td>\n<td>0,1 g<\/td>\n<\/tr>\n<tr>\n<td>Vitamin C<\/td>\n<td>110 mg<\/td>\n<\/tr>\n<\/tbody>\n<\/table>\n","protected":false},"excerpt":{"rendered":"<p>Die leckeren und nat\u00fcrlichen M\u0101nuka Honig Hustenbonbons von Manuka Health in der Geschmacksrichtung Ingwer-Zitrone mit original MGO 400+ M\u0101nuka Honig aus Neuseeland und Vitamin C. Mit der w\u00e4rmenden Sch\u00e4rfe von Ingwer un dem fruchtigen Geschmack von Zitrone. Zur Steigerung des Wolhbefindens, auch ein idealer Begleiter in der kalten Jahreszeit. Unsere leckeren und wohltuenden M\u0101nuka Honig [&hellip;]<\/p>\n","protected":false},"featured_media":139096,"template":"","meta":{"_acf_changed":false},"product_brand":[1485],"product_cat":[800],"product_tag":[],"class_list":{"0":"post-139094","1":"product","2":"type-product","3":"status-publish","4":"has-post-thumbnail","6":"product_brand-manuka-health","7":"product_cat-m","8":"pa_geschmack-ingwer-zitrone","9":"pa_packungsgroesse-100g","11":"first","12":"instock","13":"shipping-taxable","14":"purchasable","15":"product-type-simple"},"acf":[],"_links":{"self":[{"href":"https:\/\/www.ernstbrunn-apotheke.at\/katalog\/wp-json\/wp\/v2\/product\/139094","targetHints":{"allow":["GET"]}}],"collection":[{"href":"https:\/\/www.ernstbrunn-apotheke.at\/katalog\/wp-json\/wp\/v2\/product"}],"about":[{"href":"https:\/\/www.ernstbrunn-apotheke.at\/katalog\/wp-json\/wp\/v2\/types\/product"}],"wp:featuredmedia":[{"embeddable":true,"href":"https:\/\/www.ernstbrunn-apotheke.at\/katalog\/wp-json\/wp\/v2\/media\/139096"}],"wp:attachment":[{"href":"https:\/\/www.ernstbrunn-apotheke.at\/katalog\/wp-json\/wp\/v2\/media?parent=139094"}],"wp:term":[{"taxonomy":"product_brand","embeddable":true,"href":"https:\/\/www.ernstbrunn-apotheke.at\/katalog\/wp-json\/wp\/v2\/product_brand?post=139094"},{"taxonomy":"product_cat","embeddable":true,"href":"https:\/\/www.ernstbrunn-apotheke.at\/katalog\/wp-json\/wp\/v2\/product_cat?post=139094"},{"taxonomy":"product_tag","embeddable":true,"href":"https:\/\/www.ernstbrunn-apotheke.at\/katalog\/wp-json\/wp\/v2\/product_tag?post=139094"}],"curies":[{"name":"wp","href":"https:\/\/api.w.org\/{rel}","templated":true}]}}