{"id":138906,"date":"2025-11-14T18:24:25","date_gmt":"2025-11-14T17:24:25","guid":{"rendered":"https:\/\/www.ernstbrunn-apotheke.at\/katalog\/produkt\/roeko-zahnwatterolle-groesse-2-300-g\/"},"modified":"2025-12-09T10:35:37","modified_gmt":"2025-12-09T09:35:37","slug":"roeko-zahnwatterolle-groesse-2-300-g","status":"publish","type":"product","link":"https:\/\/www.ernstbrunn-apotheke.at\/katalog\/produkt\/roeko-zahnwatterolle-groesse-2-300-g\/","title":{"rendered":"ROEKO Zahnwatterolle Gr\u00f6\u00dfe 2 300 g"},"content":{"rendered":"<p>Roeko Zahnwatterolle Gr\u00f6\u00dfe 2 ist eine bew\u00e4hrte Watterolle mit langanhaltender Saugleistung und dauerhafter Formstabilit\u00e4t. Die Watte zeichnet sich durch die exzellente Polsterwirkung aus. Die dauerhafte Formstabilit\u00e4t schafft Platz zum Arbeiten, w\u00e4hrend die langanhaltende Saugleistung st\u00f6rendes Wechseln der Watterolle erspart.<\/p>\n","protected":false},"excerpt":{"rendered":"<p>Roeko Zahnwatterolle Gr\u00f6\u00dfe 2 ist eine bew\u00e4hrte Watterolle mit langanhaltender Saugleistung und dauerhafter Formstabilit\u00e4t. Die Watte zeichnet sich durch die exzellente Polsterwirkung aus. Die dauerhafte Formstabilit\u00e4t schafft Platz zum Arbeiten, w\u00e4hrend die langanhaltende Saugleistung st\u00f6rendes Wechseln der Watterolle erspart.<\/p>\n","protected":false},"featured_media":0,"template":"","meta":{"_acf_changed":false},"product_brand":[],"product_cat":[808],"product_tag":[],"class_list":{"0":"post-138906","1":"product","2":"type-product","3":"status-publish","5":"product_cat-r","6":"pa_packungsgroesse-300g","8":"first","9":"instock","10":"shipping-taxable","11":"purchasable","12":"product-type-simple"},"acf":[],"_links":{"self":[{"href":"https:\/\/www.ernstbrunn-apotheke.at\/katalog\/wp-json\/wp\/v2\/product\/138906","targetHints":{"allow":["GET"]}}],"collection":[{"href":"https:\/\/www.ernstbrunn-apotheke.at\/katalog\/wp-json\/wp\/v2\/product"}],"about":[{"href":"https:\/\/www.ernstbrunn-apotheke.at\/katalog\/wp-json\/wp\/v2\/types\/product"}],"wp:attachment":[{"href":"https:\/\/www.ernstbrunn-apotheke.at\/katalog\/wp-json\/wp\/v2\/media?parent=138906"}],"wp:term":[{"taxonomy":"product_brand","embeddable":true,"href":"https:\/\/www.ernstbrunn-apotheke.at\/katalog\/wp-json\/wp\/v2\/product_brand?post=138906"},{"taxonomy":"product_cat","embeddable":true,"href":"https:\/\/www.ernstbrunn-apotheke.at\/katalog\/wp-json\/wp\/v2\/product_cat?post=138906"},{"taxonomy":"product_tag","embeddable":true,"href":"https:\/\/www.ernstbrunn-apotheke.at\/katalog\/wp-json\/wp\/v2\/product_tag?post=138906"}],"curies":[{"name":"wp","href":"https:\/\/api.w.org\/{rel}","templated":true}]}}