{"id":138889,"date":"2025-11-14T18:23:27","date_gmt":"2025-11-14T17:23:27","guid":{"rendered":"https:\/\/www.ernstbrunn-apotheke.at\/katalog\/produkt\/aminosaeuren-komplex-tabletten-120-stk\/"},"modified":"2025-12-09T10:35:35","modified_gmt":"2025-12-09T09:35:35","slug":"aminosaeuren-komplex-tabletten-120-stk","status":"publish","type":"product","link":"https:\/\/www.ernstbrunn-apotheke.at\/katalog\/produkt\/aminosaeuren-komplex-tabletten-120-stk\/","title":{"rendered":"Aminos\u00e4uren Komplex Tabletten 120 Stk."},"content":{"rendered":"<p>Aminos\u00e4uren Komplex Tabletten mit mehr als 10.000 mg reinen Aminos\u00e4uren pro Tagesdosis  kombiniert zus\u00e4tzlich 8 essentiellen Aminos\u00e4uren: L-Leucine, L-Lysin, L-Valin, L-Isoleucin, L-Phenylalanin, L-Threonin, L-Methionine und L-Tryptophan.<\/p>\n","protected":false},"excerpt":{"rendered":"<p>Aminos\u00e4uren Komplex Tabletten mit mehr als 10.000 mg reinen Aminos\u00e4uren pro Tagesdosis kombiniert zus\u00e4tzlich 8 essentiellen Aminos\u00e4uren: L-Leucine, L-Lysin, L-Valin, L-Isoleucin, L-Phenylalanin, L-Threonin, L-Methionine und L-Tryptophan.<\/p>\n","protected":false},"featured_media":138891,"template":"","meta":{"_acf_changed":false},"product_brand":[],"product_cat":[801],"product_tag":[],"class_list":{"0":"post-138889","1":"product","2":"type-product","3":"status-publish","4":"has-post-thumbnail","6":"product_cat-a","7":"pa_packungsgroesse-120-stueck","9":"first","10":"instock","11":"shipping-taxable","12":"purchasable","13":"product-type-simple"},"acf":[],"_links":{"self":[{"href":"https:\/\/www.ernstbrunn-apotheke.at\/katalog\/wp-json\/wp\/v2\/product\/138889","targetHints":{"allow":["GET"]}}],"collection":[{"href":"https:\/\/www.ernstbrunn-apotheke.at\/katalog\/wp-json\/wp\/v2\/product"}],"about":[{"href":"https:\/\/www.ernstbrunn-apotheke.at\/katalog\/wp-json\/wp\/v2\/types\/product"}],"wp:featuredmedia":[{"embeddable":true,"href":"https:\/\/www.ernstbrunn-apotheke.at\/katalog\/wp-json\/wp\/v2\/media\/138891"}],"wp:attachment":[{"href":"https:\/\/www.ernstbrunn-apotheke.at\/katalog\/wp-json\/wp\/v2\/media?parent=138889"}],"wp:term":[{"taxonomy":"product_brand","embeddable":true,"href":"https:\/\/www.ernstbrunn-apotheke.at\/katalog\/wp-json\/wp\/v2\/product_brand?post=138889"},{"taxonomy":"product_cat","embeddable":true,"href":"https:\/\/www.ernstbrunn-apotheke.at\/katalog\/wp-json\/wp\/v2\/product_cat?post=138889"},{"taxonomy":"product_tag","embeddable":true,"href":"https:\/\/www.ernstbrunn-apotheke.at\/katalog\/wp-json\/wp\/v2\/product_tag?post=138889"}],"curies":[{"name":"wp","href":"https:\/\/api.w.org\/{rel}","templated":true}]}}