{"id":138863,"date":"2025-11-14T18:23:27","date_gmt":"2025-11-14T17:23:27","guid":{"rendered":"https:\/\/www.ernstbrunn-apotheke.at\/katalog\/produkt\/dr-jacobs-melatonin-b12-tabletten-60-stk\/"},"modified":"2025-12-09T10:35:33","modified_gmt":"2025-12-09T09:35:33","slug":"dr-jacobs-melatonin-b12-tabletten-60-stk","status":"publish","type":"product","link":"https:\/\/www.ernstbrunn-apotheke.at\/katalog\/produkt\/dr-jacobs-melatonin-b12-tabletten-60-stk\/","title":{"rendered":"Dr. Jacob&#8217;s Melatonin B12 Tabletten 60 Stk."},"content":{"rendered":"<p>Dr. Jacob&#8217;s Melatonin B12 Tabletten f\u00fchren nicht nur zu schnellerem Einschlafen sondern st\u00e4rken auch die Nerven! Melatonin verk\u00fcrzt die Einschlafzeit und kann auch zur Linderung von Jetlag eingesetzt werden. Die Tabletten sind rein vegan und dank leckerem Kirschgeschmack zu genie\u00dfen<\/p>\n","protected":false},"excerpt":{"rendered":"<p>Dr. Jacob&#8217;s Melatonin B12 Tabletten f\u00fchren nicht nur zu schnellerem Einschlafen sondern st\u00e4rken auch die Nerven! Melatonin verk\u00fcrzt die Einschlafzeit und kann auch zur Linderung von Jetlag eingesetzt werden. Die Tabletten sind rein vegan und dank leckerem Kirschgeschmack zu genie\u00dfen<\/p>\n","protected":false},"featured_media":138865,"template":"","meta":{"_acf_changed":false},"product_brand":[433],"product_cat":[792],"product_tag":[],"class_list":{"0":"post-138863","1":"product","2":"type-product","3":"status-publish","4":"has-post-thumbnail","6":"product_brand-dr-jacobs","7":"product_cat-d","8":"pa_packungsgroesse-60-stueck","10":"first","11":"instock","12":"shipping-taxable","13":"purchasable","14":"product-type-simple"},"acf":[],"_links":{"self":[{"href":"https:\/\/www.ernstbrunn-apotheke.at\/katalog\/wp-json\/wp\/v2\/product\/138863","targetHints":{"allow":["GET"]}}],"collection":[{"href":"https:\/\/www.ernstbrunn-apotheke.at\/katalog\/wp-json\/wp\/v2\/product"}],"about":[{"href":"https:\/\/www.ernstbrunn-apotheke.at\/katalog\/wp-json\/wp\/v2\/types\/product"}],"wp:featuredmedia":[{"embeddable":true,"href":"https:\/\/www.ernstbrunn-apotheke.at\/katalog\/wp-json\/wp\/v2\/media\/138865"}],"wp:attachment":[{"href":"https:\/\/www.ernstbrunn-apotheke.at\/katalog\/wp-json\/wp\/v2\/media?parent=138863"}],"wp:term":[{"taxonomy":"product_brand","embeddable":true,"href":"https:\/\/www.ernstbrunn-apotheke.at\/katalog\/wp-json\/wp\/v2\/product_brand?post=138863"},{"taxonomy":"product_cat","embeddable":true,"href":"https:\/\/www.ernstbrunn-apotheke.at\/katalog\/wp-json\/wp\/v2\/product_cat?post=138863"},{"taxonomy":"product_tag","embeddable":true,"href":"https:\/\/www.ernstbrunn-apotheke.at\/katalog\/wp-json\/wp\/v2\/product_tag?post=138863"}],"curies":[{"name":"wp","href":"https:\/\/api.w.org\/{rel}","templated":true}]}}