{"id":138854,"date":"2025-11-14T18:22:53","date_gmt":"2025-11-14T17:22:53","guid":{"rendered":"https:\/\/www.ernstbrunn-apotheke.at\/katalog\/produkt\/gall-pharma-melatonin-1-mg-kapseln-180-stk\/"},"modified":"2025-12-09T10:35:30","modified_gmt":"2025-12-09T09:35:30","slug":"gall-pharma-melatonin-1-mg-kapseln-180-stk","status":"publish","type":"product","link":"https:\/\/www.ernstbrunn-apotheke.at\/katalog\/produkt\/gall-pharma-melatonin-1-mg-kapseln-180-stk\/","title":{"rendered":"Gall Pharma Melatonin 1 mg Kapseln 180 Stk."},"content":{"rendered":"<p>Gall Pharma Melatonin 1 mg Kapseln 180 Stk. sind ein di\u00e4tetisches Lebensmittel f\u00fcr besondere medizinische Zwecke. Melatonin ist ein nat\u00fcrlich vorkommendes Hormon, das von der Zirbeldr\u00fcse (Epiphyse) produziert wird und eine wichtige Rolle bei der Regulation des Schlaf-Wach-Rhythmus spielt. Gall Pharma Melatonin Kapseln helfen die Einschlafzeit zu verk\u00fcrzen sowie den Schlaf-Wach-Rhythmus und die Schlafqualit\u00e4t zu verbessern. Zudem unterst\u00fctzt Melatonin die Regulierung des Biorhythmus und kann so f\u00fcr die Behandlung von Jetlags eingesetzt werden &#8211; profitieren Sie von hohen Rabatten und dem gro\u00dfen Sortiment einer Standortapotheke!<\/p>\n","protected":false},"excerpt":{"rendered":"<p>Gall Pharma Melatonin 1 mg Kapseln 180 Stk. sind ein di\u00e4tetisches Lebensmittel f\u00fcr besondere medizinische Zwecke. Melatonin ist ein nat\u00fcrlich vorkommendes Hormon, das von der Zirbeldr\u00fcse (Epiphyse) produziert wird und eine wichtige Rolle bei der Regulation des Schlaf-Wach-Rhythmus spielt. Gall Pharma Melatonin Kapseln helfen die Einschlafzeit zu verk\u00fcrzen sowie den Schlaf-Wach-Rhythmus und die Schlafqualit\u00e4t zu [&hellip;]<\/p>\n","protected":false},"featured_media":138856,"template":"","meta":{"_acf_changed":false},"product_brand":[371],"product_cat":[810],"product_tag":[],"class_list":{"0":"post-138854","1":"product","2":"type-product","3":"status-publish","4":"has-post-thumbnail","6":"product_brand-gall-pharma","7":"product_cat-g","8":"pa_packungsgroesse-180-stueck","10":"first","11":"instock","12":"shipping-taxable","13":"purchasable","14":"product-type-simple"},"acf":[],"_links":{"self":[{"href":"https:\/\/www.ernstbrunn-apotheke.at\/katalog\/wp-json\/wp\/v2\/product\/138854","targetHints":{"allow":["GET"]}}],"collection":[{"href":"https:\/\/www.ernstbrunn-apotheke.at\/katalog\/wp-json\/wp\/v2\/product"}],"about":[{"href":"https:\/\/www.ernstbrunn-apotheke.at\/katalog\/wp-json\/wp\/v2\/types\/product"}],"wp:featuredmedia":[{"embeddable":true,"href":"https:\/\/www.ernstbrunn-apotheke.at\/katalog\/wp-json\/wp\/v2\/media\/138856"}],"wp:attachment":[{"href":"https:\/\/www.ernstbrunn-apotheke.at\/katalog\/wp-json\/wp\/v2\/media?parent=138854"}],"wp:term":[{"taxonomy":"product_brand","embeddable":true,"href":"https:\/\/www.ernstbrunn-apotheke.at\/katalog\/wp-json\/wp\/v2\/product_brand?post=138854"},{"taxonomy":"product_cat","embeddable":true,"href":"https:\/\/www.ernstbrunn-apotheke.at\/katalog\/wp-json\/wp\/v2\/product_cat?post=138854"},{"taxonomy":"product_tag","embeddable":true,"href":"https:\/\/www.ernstbrunn-apotheke.at\/katalog\/wp-json\/wp\/v2\/product_tag?post=138854"}],"curies":[{"name":"wp","href":"https:\/\/api.w.org\/{rel}","templated":true}]}}