{"id":138805,"date":"2025-11-14T18:20:52","date_gmt":"2025-11-14T17:20:52","guid":{"rendered":"https:\/\/www.ernstbrunn-apotheke.at\/katalog\/produkt\/apricot-handschaum-mit-avocado-und-mandel-oel-35-ml\/"},"modified":"2025-12-09T10:35:25","modified_gmt":"2025-12-09T09:35:25","slug":"apricot-handschaum-mit-avocado-und-mandel-oel-35-ml","status":"publish","type":"product","link":"https:\/\/www.ernstbrunn-apotheke.at\/katalog\/produkt\/apricot-handschaum-mit-avocado-und-mandel-oel-35-ml\/","title":{"rendered":"Apricot Handschaum mit Avocado- und Mandel-\u00d6l 35 ml"},"content":{"rendered":"<p>Apricot Handschaum enth\u00e4lt wertvolles Avocado- und Mandel-\u00d6l. Der Schaum pflegt intensiv, wirkt feuchtigkeitsspendend, antioxidativ und zellregenerierend.<\/p>\n","protected":false},"excerpt":{"rendered":"<p>Apricot Handschaum enth\u00e4lt wertvolles Avocado- und Mandel-\u00d6l. Der Schaum pflegt intensiv, wirkt feuchtigkeitsspendend, antioxidativ und zellregenerierend.<\/p>\n","protected":false},"featured_media":138807,"template":"","meta":{"_acf_changed":false},"product_brand":[],"product_cat":[801],"product_tag":[],"class_list":{"0":"post-138805","1":"product","2":"type-product","3":"status-publish","4":"has-post-thumbnail","6":"product_cat-a","7":"pa_packungsgroesse-35ml","9":"first","10":"instock","11":"shipping-taxable","12":"purchasable","13":"product-type-simple"},"acf":[],"_links":{"self":[{"href":"https:\/\/www.ernstbrunn-apotheke.at\/katalog\/wp-json\/wp\/v2\/product\/138805","targetHints":{"allow":["GET"]}}],"collection":[{"href":"https:\/\/www.ernstbrunn-apotheke.at\/katalog\/wp-json\/wp\/v2\/product"}],"about":[{"href":"https:\/\/www.ernstbrunn-apotheke.at\/katalog\/wp-json\/wp\/v2\/types\/product"}],"wp:featuredmedia":[{"embeddable":true,"href":"https:\/\/www.ernstbrunn-apotheke.at\/katalog\/wp-json\/wp\/v2\/media\/138807"}],"wp:attachment":[{"href":"https:\/\/www.ernstbrunn-apotheke.at\/katalog\/wp-json\/wp\/v2\/media?parent=138805"}],"wp:term":[{"taxonomy":"product_brand","embeddable":true,"href":"https:\/\/www.ernstbrunn-apotheke.at\/katalog\/wp-json\/wp\/v2\/product_brand?post=138805"},{"taxonomy":"product_cat","embeddable":true,"href":"https:\/\/www.ernstbrunn-apotheke.at\/katalog\/wp-json\/wp\/v2\/product_cat?post=138805"},{"taxonomy":"product_tag","embeddable":true,"href":"https:\/\/www.ernstbrunn-apotheke.at\/katalog\/wp-json\/wp\/v2\/product_tag?post=138805"}],"curies":[{"name":"wp","href":"https:\/\/api.w.org\/{rel}","templated":true}]}}