{"id":13868,"date":"2025-11-07T15:14:17","date_gmt":"2025-11-07T14:14:17","guid":{"rendered":"https:\/\/www.ernstbrunn-apotheke.at\/katalog\/produkt\/weihrauch-h15-kapseln-350mg-2\/"},"modified":"2025-12-08T13:36:40","modified_gmt":"2025-12-08T12:36:40","slug":"weihrauch-h15-kapseln-350mg-2","status":"publish","type":"product","link":"https:\/\/www.ernstbrunn-apotheke.at\/katalog\/produkt\/weihrauch-h15-kapseln-350mg-2\/","title":{"rendered":"Weihrauch H15 Kapseln 350mg"},"content":{"rendered":"<p>Gall Pharma Weihrauch H 15 Tabletten enthalten 400 mg Trockenextrakt aus dem Gummiharz von Boswellia serrata. Der indische Weihrauch wird in der traditionellen Naturheilkunde seit \u00fcber 300 Jahren bei Entz\u00fcndungen, Knochenbr\u00fcchen, Schwellungen und Geschw\u00fcren aufgetragen. Innerlich wird er bei chronischen Darmerkrankungen, H\u00e4morrhoiden und Entz\u00fcndungen eingesetzt.<\/p>\n","protected":false},"excerpt":{"rendered":"<p>Gall Pharma Weihrauch H 15 Tabletten enthalten 400 mg Trockenextrakt aus dem Gummiharz von Boswellia serrata. Der indische Weihrauch wird in der traditionellen Naturheilkunde seit \u00fcber 300 Jahren bei Entz\u00fcndungen, Knochenbr\u00fcchen, Schwellungen und Geschw\u00fcren aufgetragen. Innerlich wird er bei chronischen Darmerkrankungen, H\u00e4morrhoiden und Entz\u00fcndungen eingesetzt.<\/p>\n","protected":false},"featured_media":13870,"template":"","meta":{"_acf_changed":false},"product_brand":[371],"product_cat":[796],"product_tag":[],"class_list":{"0":"post-13868","1":"product","2":"type-product","3":"status-publish","4":"has-post-thumbnail","6":"product_brand-gall-pharma","7":"product_cat-w","8":"pa_packungsgroesse-100-stueck","10":"first","11":"instock","12":"shipping-taxable","13":"purchasable","14":"product-type-simple"},"acf":[],"_links":{"self":[{"href":"https:\/\/www.ernstbrunn-apotheke.at\/katalog\/wp-json\/wp\/v2\/product\/13868","targetHints":{"allow":["GET"]}}],"collection":[{"href":"https:\/\/www.ernstbrunn-apotheke.at\/katalog\/wp-json\/wp\/v2\/product"}],"about":[{"href":"https:\/\/www.ernstbrunn-apotheke.at\/katalog\/wp-json\/wp\/v2\/types\/product"}],"wp:featuredmedia":[{"embeddable":true,"href":"https:\/\/www.ernstbrunn-apotheke.at\/katalog\/wp-json\/wp\/v2\/media\/13870"}],"wp:attachment":[{"href":"https:\/\/www.ernstbrunn-apotheke.at\/katalog\/wp-json\/wp\/v2\/media?parent=13868"}],"wp:term":[{"taxonomy":"product_brand","embeddable":true,"href":"https:\/\/www.ernstbrunn-apotheke.at\/katalog\/wp-json\/wp\/v2\/product_brand?post=13868"},{"taxonomy":"product_cat","embeddable":true,"href":"https:\/\/www.ernstbrunn-apotheke.at\/katalog\/wp-json\/wp\/v2\/product_cat?post=13868"},{"taxonomy":"product_tag","embeddable":true,"href":"https:\/\/www.ernstbrunn-apotheke.at\/katalog\/wp-json\/wp\/v2\/product_tag?post=13868"}],"curies":[{"name":"wp","href":"https:\/\/api.w.org\/{rel}","templated":true}]}}