{"id":138656,"date":"2025-11-14T18:17:22","date_gmt":"2025-11-14T17:17:22","guid":{"rendered":"https:\/\/www.ernstbrunn-apotheke.at\/katalog\/produkt\/zerpsin-tabletten-20-stk\/"},"modified":"2025-12-09T10:35:11","modified_gmt":"2025-12-09T09:35:11","slug":"zerpsin-tabletten-20-stk","status":"publish","type":"product","link":"https:\/\/www.ernstbrunn-apotheke.at\/katalog\/produkt\/zerpsin-tabletten-20-stk\/","title":{"rendered":"ZERPSIN Tabletten 20 Stk."},"content":{"rendered":"<p>Das Pr\u00e4parat ZERPSIN Tabletten basiert auf der \u201eFatty Acids Group&#8220;, kurz F.A.G.\u00ae. F.A.G.\u00ae ist eine neuartige, standardisierte Kombination aus mehrfach unges\u00e4ttigten Fetts\u00e4uren, Omega-3-Fetts\u00e4ure, Alpha-Linolens\u00e4ure und Palmitoyl-Ethanol-Amid (PEA). Herpetische Neuralgien infolge von Herpes Zoster stehen urs\u00e4chlich im Zusammenhang mit dem Abbau von Fetts\u00e4uren aus der Zellmembran von Nervenzellen.<\/p>\n","protected":false},"excerpt":{"rendered":"<p>Das Pr\u00e4parat ZERPSIN Tabletten basiert auf der \u201eFatty Acids Group&#8220;, kurz F.A.G.\u00ae. F.A.G.\u00ae ist eine neuartige, standardisierte Kombination aus mehrfach unges\u00e4ttigten Fetts\u00e4uren, Omega-3-Fetts\u00e4ure, Alpha-Linolens\u00e4ure und Palmitoyl-Ethanol-Amid (PEA). Herpetische Neuralgien infolge von Herpes Zoster stehen urs\u00e4chlich im Zusammenhang mit dem Abbau von Fetts\u00e4uren aus der Zellmembran von Nervenzellen.<\/p>\n","protected":false},"featured_media":138658,"template":"","meta":{"_acf_changed":false},"product_brand":[],"product_cat":[803],"product_tag":[],"class_list":{"0":"post-138656","1":"product","2":"type-product","3":"status-publish","4":"has-post-thumbnail","6":"product_cat-z","7":"pa_packungsgroesse-20-stueck","9":"first","10":"instock","11":"shipping-taxable","12":"purchasable","13":"product-type-simple"},"acf":[],"_links":{"self":[{"href":"https:\/\/www.ernstbrunn-apotheke.at\/katalog\/wp-json\/wp\/v2\/product\/138656","targetHints":{"allow":["GET"]}}],"collection":[{"href":"https:\/\/www.ernstbrunn-apotheke.at\/katalog\/wp-json\/wp\/v2\/product"}],"about":[{"href":"https:\/\/www.ernstbrunn-apotheke.at\/katalog\/wp-json\/wp\/v2\/types\/product"}],"wp:featuredmedia":[{"embeddable":true,"href":"https:\/\/www.ernstbrunn-apotheke.at\/katalog\/wp-json\/wp\/v2\/media\/138658"}],"wp:attachment":[{"href":"https:\/\/www.ernstbrunn-apotheke.at\/katalog\/wp-json\/wp\/v2\/media?parent=138656"}],"wp:term":[{"taxonomy":"product_brand","embeddable":true,"href":"https:\/\/www.ernstbrunn-apotheke.at\/katalog\/wp-json\/wp\/v2\/product_brand?post=138656"},{"taxonomy":"product_cat","embeddable":true,"href":"https:\/\/www.ernstbrunn-apotheke.at\/katalog\/wp-json\/wp\/v2\/product_cat?post=138656"},{"taxonomy":"product_tag","embeddable":true,"href":"https:\/\/www.ernstbrunn-apotheke.at\/katalog\/wp-json\/wp\/v2\/product_tag?post=138656"}],"curies":[{"name":"wp","href":"https:\/\/api.w.org\/{rel}","templated":true}]}}