{"id":138653,"date":"2025-11-14T18:17:22","date_gmt":"2025-11-14T17:17:22","guid":{"rendered":"https:\/\/www.ernstbrunn-apotheke.at\/katalog\/produkt\/gum-easy-floss-zahnseide-30-m\/"},"modified":"2025-12-09T10:35:10","modified_gmt":"2025-12-09T09:35:10","slug":"gum-easy-floss-zahnseide-30-m","status":"publish","type":"product","link":"https:\/\/www.ernstbrunn-apotheke.at\/katalog\/produkt\/gum-easy-floss-zahnseide-30-m\/","title":{"rendered":"Gum Easy Floss Zahnseide 30 m"},"content":{"rendered":"<p>Das Teflon-beschichtete (PTFE), d\u00fcnne Zahnbandgleitet auch bei sehr eng zusammenstehenden Z\u00e4hnengut durch den Zwischenraum, auch f\u00fcr Anf\u00e4ngeroptimal geeignet.Die satinartige, besonders rei\u00dffeste Zahnseide istsanft zum Zahnfleisch.<\/p>\n","protected":false},"excerpt":{"rendered":"<p>Das Teflon-beschichtete (PTFE), d\u00fcnne Zahnbandgleitet auch bei sehr eng zusammenstehenden Z\u00e4hnengut durch den Zwischenraum, auch f\u00fcr Anf\u00e4ngeroptimal geeignet.Die satinartige, besonders rei\u00dffeste Zahnseide istsanft zum Zahnfleisch.<\/p>\n","protected":false},"featured_media":138655,"template":"","meta":{"_acf_changed":false},"product_brand":[894],"product_cat":[810],"product_tag":[],"class_list":{"0":"post-138653","1":"product","2":"type-product","3":"status-publish","4":"has-post-thumbnail","6":"product_brand-g-u-m","7":"product_cat-g","8":"pa_packungsgroesse-910","10":"first","11":"instock","12":"shipping-taxable","13":"purchasable","14":"product-type-simple"},"acf":[],"_links":{"self":[{"href":"https:\/\/www.ernstbrunn-apotheke.at\/katalog\/wp-json\/wp\/v2\/product\/138653","targetHints":{"allow":["GET"]}}],"collection":[{"href":"https:\/\/www.ernstbrunn-apotheke.at\/katalog\/wp-json\/wp\/v2\/product"}],"about":[{"href":"https:\/\/www.ernstbrunn-apotheke.at\/katalog\/wp-json\/wp\/v2\/types\/product"}],"wp:featuredmedia":[{"embeddable":true,"href":"https:\/\/www.ernstbrunn-apotheke.at\/katalog\/wp-json\/wp\/v2\/media\/138655"}],"wp:attachment":[{"href":"https:\/\/www.ernstbrunn-apotheke.at\/katalog\/wp-json\/wp\/v2\/media?parent=138653"}],"wp:term":[{"taxonomy":"product_brand","embeddable":true,"href":"https:\/\/www.ernstbrunn-apotheke.at\/katalog\/wp-json\/wp\/v2\/product_brand?post=138653"},{"taxonomy":"product_cat","embeddable":true,"href":"https:\/\/www.ernstbrunn-apotheke.at\/katalog\/wp-json\/wp\/v2\/product_cat?post=138653"},{"taxonomy":"product_tag","embeddable":true,"href":"https:\/\/www.ernstbrunn-apotheke.at\/katalog\/wp-json\/wp\/v2\/product_tag?post=138653"}],"curies":[{"name":"wp","href":"https:\/\/api.w.org\/{rel}","templated":true}]}}