{"id":138645,"date":"2025-11-14T18:17:13","date_gmt":"2025-11-14T17:17:13","guid":{"rendered":"https:\/\/www.ernstbrunn-apotheke.at\/katalog\/produkt\/yogi-tee-maenner\/"},"modified":"2025-12-09T10:35:08","modified_gmt":"2025-12-09T09:35:08","slug":"yogi-tee-maenner","status":"publish","type":"product","link":"https:\/\/www.ernstbrunn-apotheke.at\/katalog\/produkt\/yogi-tee-maenner\/","title":{"rendered":"Yogi Tee M\u00e4nner"},"content":{"rendered":"<p>Yogi Tee M\u00e4nner hilft, wenn Stress, Ersch\u00f6pfung und \u00fcberm\u00e4\u00dfiges Essen an den Kr\u00e4ften der M\u00e4nner zehren. K\u00f6rpertraining, ausreichende Ruhepausen und eine ganzheitliche Ern\u00e4hrung k\u00f6nnen sie wiederherstellen. M\u00e4nner k\u00f6nnen dann ihre Ideen und Werte verwirklichen. M\u00e4nner Tee mit ger\u00f6steten Kr\u00e4utern und Gew\u00fcrzen, Ginseng, Chili und Muskatbl\u00fcte unterst\u00fctzt sie darin.<\/p>\n","protected":false},"excerpt":{"rendered":"<p>Yogi Tee M\u00e4nner hilft, wenn Stress, Ersch\u00f6pfung und \u00fcberm\u00e4\u00dfiges Essen an den Kr\u00e4ften der M\u00e4nner zehren. K\u00f6rpertraining, ausreichende Ruhepausen und eine ganzheitliche Ern\u00e4hrung k\u00f6nnen sie wiederherstellen. M\u00e4nner k\u00f6nnen dann ihre Ideen und Werte verwirklichen. M\u00e4nner Tee mit ger\u00f6steten Kr\u00e4utern und Gew\u00fcrzen, Ginseng, Chili und Muskatbl\u00fcte unterst\u00fctzt sie darin.<\/p>\n","protected":false},"featured_media":0,"template":"","meta":{"_acf_changed":false},"product_brand":[1510],"product_cat":[835],"product_tag":[],"class_list":{"0":"post-138645","1":"product","2":"type-product","3":"status-publish","5":"product_brand-yogi-tee","6":"product_cat-y","7":"pa_packungsgroesse-500","9":"first","10":"instock","11":"shipping-taxable","12":"purchasable","13":"product-type-simple"},"acf":[],"_links":{"self":[{"href":"https:\/\/www.ernstbrunn-apotheke.at\/katalog\/wp-json\/wp\/v2\/product\/138645","targetHints":{"allow":["GET"]}}],"collection":[{"href":"https:\/\/www.ernstbrunn-apotheke.at\/katalog\/wp-json\/wp\/v2\/product"}],"about":[{"href":"https:\/\/www.ernstbrunn-apotheke.at\/katalog\/wp-json\/wp\/v2\/types\/product"}],"wp:attachment":[{"href":"https:\/\/www.ernstbrunn-apotheke.at\/katalog\/wp-json\/wp\/v2\/media?parent=138645"}],"wp:term":[{"taxonomy":"product_brand","embeddable":true,"href":"https:\/\/www.ernstbrunn-apotheke.at\/katalog\/wp-json\/wp\/v2\/product_brand?post=138645"},{"taxonomy":"product_cat","embeddable":true,"href":"https:\/\/www.ernstbrunn-apotheke.at\/katalog\/wp-json\/wp\/v2\/product_cat?post=138645"},{"taxonomy":"product_tag","embeddable":true,"href":"https:\/\/www.ernstbrunn-apotheke.at\/katalog\/wp-json\/wp\/v2\/product_tag?post=138645"}],"curies":[{"name":"wp","href":"https:\/\/api.w.org\/{rel}","templated":true}]}}