{"id":138643,"date":"2025-11-14T18:17:13","date_gmt":"2025-11-14T17:17:13","guid":{"rendered":"https:\/\/www.ernstbrunn-apotheke.at\/katalog\/produkt\/yin-yang-altjapanisches-pflanzenoel-100-ml\/"},"modified":"2025-12-09T10:35:07","modified_gmt":"2025-12-09T09:35:07","slug":"yin-yang-altjapanisches-pflanzenoel-100-ml","status":"publish","type":"product","link":"https:\/\/www.ernstbrunn-apotheke.at\/katalog\/produkt\/yin-yang-altjapanisches-pflanzenoel-100-ml\/","title":{"rendered":"Yin Yang Altjapanisches Pflanzen\u00f6l 100 ml"},"content":{"rendered":"<p>Yin Yang Altjapanisches Pflanzen\u00f6l wird aus der wildwachsenden japanischen Vulkan-Ackerminze gewonnen und entspannt K\u00f6rper und Geist. Die Vulkan-Ackerminze wird vor allem f\u00fcr ihr unvergleichliches Aroma und ihren intensiven Duft gesch\u00e4tzt. K\u00f6rperkr\u00e4fte werden aktiviert, die geistigen F\u00e4higkeiten gest\u00e4rkt.<\/p>\n","protected":false},"excerpt":{"rendered":"<p>Yin Yang Altjapanisches Pflanzen\u00f6l wird aus der wildwachsenden japanischen Vulkan-Ackerminze gewonnen und entspannt K\u00f6rper und Geist. Die Vulkan-Ackerminze wird vor allem f\u00fcr ihr unvergleichliches Aroma und ihren intensiven Duft gesch\u00e4tzt. K\u00f6rperkr\u00e4fte werden aktiviert, die geistigen F\u00e4higkeiten gest\u00e4rkt.<\/p>\n","protected":false},"featured_media":0,"template":"","meta":{"_acf_changed":false},"product_brand":[],"product_cat":[835],"product_tag":[],"class_list":{"0":"post-138643","1":"product","2":"type-product","3":"status-publish","5":"product_cat-y","6":"pa_packungsgroesse-100ml","8":"first","9":"instock","10":"shipping-taxable","11":"purchasable","12":"product-type-simple"},"acf":[],"_links":{"self":[{"href":"https:\/\/www.ernstbrunn-apotheke.at\/katalog\/wp-json\/wp\/v2\/product\/138643","targetHints":{"allow":["GET"]}}],"collection":[{"href":"https:\/\/www.ernstbrunn-apotheke.at\/katalog\/wp-json\/wp\/v2\/product"}],"about":[{"href":"https:\/\/www.ernstbrunn-apotheke.at\/katalog\/wp-json\/wp\/v2\/types\/product"}],"wp:attachment":[{"href":"https:\/\/www.ernstbrunn-apotheke.at\/katalog\/wp-json\/wp\/v2\/media?parent=138643"}],"wp:term":[{"taxonomy":"product_brand","embeddable":true,"href":"https:\/\/www.ernstbrunn-apotheke.at\/katalog\/wp-json\/wp\/v2\/product_brand?post=138643"},{"taxonomy":"product_cat","embeddable":true,"href":"https:\/\/www.ernstbrunn-apotheke.at\/katalog\/wp-json\/wp\/v2\/product_cat?post=138643"},{"taxonomy":"product_tag","embeddable":true,"href":"https:\/\/www.ernstbrunn-apotheke.at\/katalog\/wp-json\/wp\/v2\/product_tag?post=138643"}],"curies":[{"name":"wp","href":"https:\/\/api.w.org\/{rel}","templated":true}]}}