{"id":138279,"date":"2025-11-14T18:09:19","date_gmt":"2025-11-14T17:09:19","guid":{"rendered":"https:\/\/www.ernstbrunn-apotheke.at\/katalog\/produkt\/withania-somnifera-kapseln\/"},"modified":"2025-12-09T10:33:39","modified_gmt":"2025-12-09T09:33:39","slug":"withania-somnifera-kapseln","status":"publish","type":"product","link":"https:\/\/www.ernstbrunn-apotheke.at\/katalog\/produkt\/withania-somnifera-kapseln\/","title":{"rendered":"Withania Somnifera Kapseln"},"content":{"rendered":"<p>Withania Somnifera Kapseln wirken allgemein st\u00e4rkend auf K\u00f6rper und Geist und k\u00f6nnen zudem den Alterungsprozess positiv beeinflussen. In der ayurvedischen Lehre eignen sich diese Kapseln zur Unterst\u00fctzung von physischer und mentaler Leistungsf\u00e4higkeit sowie zur Beruhigung und Verbesserung eines gest\u00f6rten Schlafverhaltens.<\/p>\n","protected":false},"excerpt":{"rendered":"<p>Withania Somnifera Kapseln wirken allgemein st\u00e4rkend auf K\u00f6rper und Geist und k\u00f6nnen zudem den Alterungsprozess positiv beeinflussen. In der ayurvedischen Lehre eignen sich diese Kapseln zur Unterst\u00fctzung von physischer und mentaler Leistungsf\u00e4higkeit sowie zur Beruhigung und Verbesserung eines gest\u00f6rten Schlafverhaltens.<\/p>\n","protected":false},"featured_media":0,"template":"","meta":{"_acf_changed":false},"product_brand":[],"product_cat":[796],"product_tag":[],"class_list":{"0":"post-138279","1":"product","2":"type-product","3":"status-publish","5":"product_cat-w","6":"pa_packungsgroesse-100-stueck","8":"first","9":"instock","10":"shipping-taxable","11":"purchasable","12":"product-type-simple"},"acf":[],"_links":{"self":[{"href":"https:\/\/www.ernstbrunn-apotheke.at\/katalog\/wp-json\/wp\/v2\/product\/138279","targetHints":{"allow":["GET"]}}],"collection":[{"href":"https:\/\/www.ernstbrunn-apotheke.at\/katalog\/wp-json\/wp\/v2\/product"}],"about":[{"href":"https:\/\/www.ernstbrunn-apotheke.at\/katalog\/wp-json\/wp\/v2\/types\/product"}],"wp:attachment":[{"href":"https:\/\/www.ernstbrunn-apotheke.at\/katalog\/wp-json\/wp\/v2\/media?parent=138279"}],"wp:term":[{"taxonomy":"product_brand","embeddable":true,"href":"https:\/\/www.ernstbrunn-apotheke.at\/katalog\/wp-json\/wp\/v2\/product_brand?post=138279"},{"taxonomy":"product_cat","embeddable":true,"href":"https:\/\/www.ernstbrunn-apotheke.at\/katalog\/wp-json\/wp\/v2\/product_cat?post=138279"},{"taxonomy":"product_tag","embeddable":true,"href":"https:\/\/www.ernstbrunn-apotheke.at\/katalog\/wp-json\/wp\/v2\/product_tag?post=138279"}],"curies":[{"name":"wp","href":"https:\/\/api.w.org\/{rel}","templated":true}]}}