{"id":138105,"date":"2025-11-14T18:05:20","date_gmt":"2025-11-14T17:05:20","guid":{"rendered":"https:\/\/www.ernstbrunn-apotheke.at\/katalog\/produkt\/huebner-weissdorn-liquidum-250-ml\/"},"modified":"2025-12-09T10:33:15","modified_gmt":"2025-12-09T09:33:15","slug":"huebner-weissdorn-liquidum-250-ml","status":"publish","type":"product","link":"https:\/\/www.ernstbrunn-apotheke.at\/katalog\/produkt\/huebner-weissdorn-liquidum-250-ml\/","title":{"rendered":"H\u00fcbner Wei\u00dfdorn Liquidum 250 ml"},"content":{"rendered":"<p>H\u00fcbner Wei\u00dfdorn Liquidum ist ein traditionelles Arzneimittel zur Unterst\u00fctzung der Herz-Kreislauf-Funktion. Es dient zur nat\u00fcrlichen Harmonisierung des Herzens und wird aus der frischen, vollen Frucht des Wei\u00dfdorns gewonnen.<\/p>\n","protected":false},"excerpt":{"rendered":"<p>H\u00fcbner Wei\u00dfdorn Liquidum ist ein traditionelles Arzneimittel zur Unterst\u00fctzung der Herz-Kreislauf-Funktion. Es dient zur nat\u00fcrlichen Harmonisierung des Herzens und wird aus der frischen, vollen Frucht des Wei\u00dfdorns gewonnen.<\/p>\n","protected":false},"featured_media":0,"template":"","meta":{"_acf_changed":false},"product_brand":[],"product_cat":[805],"product_tag":[],"class_list":{"0":"post-138105","1":"product","2":"type-product","3":"status-publish","5":"product_cat-h","6":"pa_packungsgroesse-250ml","8":"first","9":"instock","10":"shipping-taxable","11":"purchasable","12":"product-type-simple"},"acf":[],"_links":{"self":[{"href":"https:\/\/www.ernstbrunn-apotheke.at\/katalog\/wp-json\/wp\/v2\/product\/138105","targetHints":{"allow":["GET"]}}],"collection":[{"href":"https:\/\/www.ernstbrunn-apotheke.at\/katalog\/wp-json\/wp\/v2\/product"}],"about":[{"href":"https:\/\/www.ernstbrunn-apotheke.at\/katalog\/wp-json\/wp\/v2\/types\/product"}],"wp:attachment":[{"href":"https:\/\/www.ernstbrunn-apotheke.at\/katalog\/wp-json\/wp\/v2\/media?parent=138105"}],"wp:term":[{"taxonomy":"product_brand","embeddable":true,"href":"https:\/\/www.ernstbrunn-apotheke.at\/katalog\/wp-json\/wp\/v2\/product_brand?post=138105"},{"taxonomy":"product_cat","embeddable":true,"href":"https:\/\/www.ernstbrunn-apotheke.at\/katalog\/wp-json\/wp\/v2\/product_cat?post=138105"},{"taxonomy":"product_tag","embeddable":true,"href":"https:\/\/www.ernstbrunn-apotheke.at\/katalog\/wp-json\/wp\/v2\/product_tag?post=138105"}],"curies":[{"name":"wp","href":"https:\/\/api.w.org\/{rel}","templated":true}]}}