{"id":138055,"date":"2025-11-14T18:04:01","date_gmt":"2025-11-14T17:04:01","guid":{"rendered":"https:\/\/www.ernstbrunn-apotheke.at\/katalog\/produkt\/water-star-karaffe-1-stk\/"},"modified":"2025-12-09T10:33:07","modified_gmt":"2025-12-09T09:33:07","slug":"water-star-karaffe-1-stk","status":"publish","type":"product","link":"https:\/\/www.ernstbrunn-apotheke.at\/katalog\/produkt\/water-star-karaffe-1-stk\/","title":{"rendered":"Water Star Karaffe 1 Stk."},"content":{"rendered":"<p>Water Star Karaffe hat ein Fassungsverm\u00f6gen von ca. 1,3 l Wasser. Durch ihre schlanke Form liegt die formsch\u00f6ne WaterStar Karaffe nicht nur gut in der Hand, sondern erleichtert auch das Umf\u00fcllen in Gl\u00e4ser.<\/p>\n","protected":false},"excerpt":{"rendered":"<p>Water Star Karaffe hat ein Fassungsverm\u00f6gen von ca. 1,3 l Wasser. Durch ihre schlanke Form liegt die formsch\u00f6ne WaterStar Karaffe nicht nur gut in der Hand, sondern erleichtert auch das Umf\u00fcllen in Gl\u00e4ser.<\/p>\n","protected":false},"featured_media":0,"template":"","meta":{"_acf_changed":false},"product_brand":[],"product_cat":[796],"product_tag":[],"class_list":{"0":"post-138055","1":"product","2":"type-product","3":"status-publish","5":"product_cat-w","6":"pa_packungsgroesse-1-stueck","8":"first","9":"instock","10":"shipping-taxable","11":"purchasable","12":"product-type-simple"},"acf":[],"_links":{"self":[{"href":"https:\/\/www.ernstbrunn-apotheke.at\/katalog\/wp-json\/wp\/v2\/product\/138055","targetHints":{"allow":["GET"]}}],"collection":[{"href":"https:\/\/www.ernstbrunn-apotheke.at\/katalog\/wp-json\/wp\/v2\/product"}],"about":[{"href":"https:\/\/www.ernstbrunn-apotheke.at\/katalog\/wp-json\/wp\/v2\/types\/product"}],"wp:attachment":[{"href":"https:\/\/www.ernstbrunn-apotheke.at\/katalog\/wp-json\/wp\/v2\/media?parent=138055"}],"wp:term":[{"taxonomy":"product_brand","embeddable":true,"href":"https:\/\/www.ernstbrunn-apotheke.at\/katalog\/wp-json\/wp\/v2\/product_brand?post=138055"},{"taxonomy":"product_cat","embeddable":true,"href":"https:\/\/www.ernstbrunn-apotheke.at\/katalog\/wp-json\/wp\/v2\/product_cat?post=138055"},{"taxonomy":"product_tag","embeddable":true,"href":"https:\/\/www.ernstbrunn-apotheke.at\/katalog\/wp-json\/wp\/v2\/product_tag?post=138055"}],"curies":[{"name":"wp","href":"https:\/\/api.w.org\/{rel}","templated":true}]}}