{"id":137969,"date":"2025-11-14T18:02:02","date_gmt":"2025-11-14T17:02:02","guid":{"rendered":"https:\/\/www.ernstbrunn-apotheke.at\/katalog\/produkt\/vollkraft-traubenkernoel-kaltgepresst-250-ml\/"},"modified":"2025-12-09T10:32:47","modified_gmt":"2025-12-09T09:32:47","slug":"vollkraft-traubenkernoel-kaltgepresst-250-ml","status":"publish","type":"product","link":"https:\/\/www.ernstbrunn-apotheke.at\/katalog\/produkt\/vollkraft-traubenkernoel-kaltgepresst-250-ml\/","title":{"rendered":"Vollkraft Traubenkern\u00f6l kaltgepresst 250 ml"},"content":{"rendered":"<p>Vollkraft Traubenkern\u00f6l kaltgepresst aus sonnengetrockneten Traubenkernen. Sehr gut zum Kochen und Braten geeignet. Beeren enthalten bis zu 5 Samenkerne. Ihr \u00d6lgehalt schwankt zwischen 6% und 20%. Es zeichnet sich durch einen besonders hohen Gehalt an essentiellen Fetts\u00e4uren (Linols\u00e4ure) aus.<\/p>\n","protected":false},"excerpt":{"rendered":"<p>Vollkraft Traubenkern\u00f6l kaltgepresst aus sonnengetrockneten Traubenkernen. Sehr gut zum Kochen und Braten geeignet. Beeren enthalten bis zu 5 Samenkerne. Ihr \u00d6lgehalt schwankt zwischen 6% und 20%. Es zeichnet sich durch einen besonders hohen Gehalt an essentiellen Fetts\u00e4uren (Linols\u00e4ure) aus.<\/p>\n","protected":false},"featured_media":0,"template":"","meta":{"_acf_changed":false},"product_brand":[869],"product_cat":[799],"product_tag":[],"class_list":{"0":"post-137969","1":"product","2":"type-product","3":"status-publish","5":"product_brand-vollkraft","6":"product_cat-v","7":"pa_packungsgroesse-250ml","9":"first","10":"instock","11":"shipping-taxable","12":"purchasable","13":"product-type-simple"},"acf":[],"_links":{"self":[{"href":"https:\/\/www.ernstbrunn-apotheke.at\/katalog\/wp-json\/wp\/v2\/product\/137969","targetHints":{"allow":["GET"]}}],"collection":[{"href":"https:\/\/www.ernstbrunn-apotheke.at\/katalog\/wp-json\/wp\/v2\/product"}],"about":[{"href":"https:\/\/www.ernstbrunn-apotheke.at\/katalog\/wp-json\/wp\/v2\/types\/product"}],"wp:attachment":[{"href":"https:\/\/www.ernstbrunn-apotheke.at\/katalog\/wp-json\/wp\/v2\/media?parent=137969"}],"wp:term":[{"taxonomy":"product_brand","embeddable":true,"href":"https:\/\/www.ernstbrunn-apotheke.at\/katalog\/wp-json\/wp\/v2\/product_brand?post=137969"},{"taxonomy":"product_cat","embeddable":true,"href":"https:\/\/www.ernstbrunn-apotheke.at\/katalog\/wp-json\/wp\/v2\/product_cat?post=137969"},{"taxonomy":"product_tag","embeddable":true,"href":"https:\/\/www.ernstbrunn-apotheke.at\/katalog\/wp-json\/wp\/v2\/product_tag?post=137969"}],"curies":[{"name":"wp","href":"https:\/\/api.w.org\/{rel}","templated":true}]}}