{"id":137949,"date":"2025-11-14T18:01:19","date_gmt":"2025-11-14T17:01:19","guid":{"rendered":"https:\/\/www.ernstbrunn-apotheke.at\/katalog\/produkt\/vollkraft-tamari-250-g-bio\/"},"modified":"2025-12-09T10:32:46","modified_gmt":"2025-12-09T09:32:46","slug":"vollkraft-tamari-250-g-bio","status":"publish","type":"product","link":"https:\/\/www.ernstbrunn-apotheke.at\/katalog\/produkt\/vollkraft-tamari-250-g-bio\/","title":{"rendered":"Vollkraft Tamari 250 g BIO"},"content":{"rendered":"<p>Vollkraft Tamari kbA: Die traditionelle hochwertige Sojaso\u00dfe f\u00fcr die Naturk\u00fcche aus biolog. Anbau, die vielseitig einsetzbar ist, verfeinert alle w\u00fcrzigen Gerichte. Sauce aus Sojabohnen, Milchsauervergoren, rechtsdrehende Milchs\u00e4ure.<\/p>\n","protected":false},"excerpt":{"rendered":"<p>Vollkraft Tamari kbA: Die traditionelle hochwertige Sojaso\u00dfe f\u00fcr die Naturk\u00fcche aus biolog. Anbau, die vielseitig einsetzbar ist, verfeinert alle w\u00fcrzigen Gerichte. Sauce aus Sojabohnen, Milchsauervergoren, rechtsdrehende Milchs\u00e4ure.<\/p>\n","protected":false},"featured_media":137951,"template":"","meta":{"_acf_changed":false},"product_brand":[869],"product_cat":[799],"product_tag":[],"class_list":{"0":"post-137949","1":"product","2":"type-product","3":"status-publish","4":"has-post-thumbnail","6":"product_brand-vollkraft","7":"product_cat-v","8":"pa_packungsgroesse-250g","10":"first","11":"instock","12":"shipping-taxable","13":"purchasable","14":"product-type-simple"},"acf":[],"_links":{"self":[{"href":"https:\/\/www.ernstbrunn-apotheke.at\/katalog\/wp-json\/wp\/v2\/product\/137949","targetHints":{"allow":["GET"]}}],"collection":[{"href":"https:\/\/www.ernstbrunn-apotheke.at\/katalog\/wp-json\/wp\/v2\/product"}],"about":[{"href":"https:\/\/www.ernstbrunn-apotheke.at\/katalog\/wp-json\/wp\/v2\/types\/product"}],"wp:featuredmedia":[{"embeddable":true,"href":"https:\/\/www.ernstbrunn-apotheke.at\/katalog\/wp-json\/wp\/v2\/media\/137951"}],"wp:attachment":[{"href":"https:\/\/www.ernstbrunn-apotheke.at\/katalog\/wp-json\/wp\/v2\/media?parent=137949"}],"wp:term":[{"taxonomy":"product_brand","embeddable":true,"href":"https:\/\/www.ernstbrunn-apotheke.at\/katalog\/wp-json\/wp\/v2\/product_brand?post=137949"},{"taxonomy":"product_cat","embeddable":true,"href":"https:\/\/www.ernstbrunn-apotheke.at\/katalog\/wp-json\/wp\/v2\/product_cat?post=137949"},{"taxonomy":"product_tag","embeddable":true,"href":"https:\/\/www.ernstbrunn-apotheke.at\/katalog\/wp-json\/wp\/v2\/product_tag?post=137949"}],"curies":[{"name":"wp","href":"https:\/\/api.w.org\/{rel}","templated":true}]}}