{"id":137802,"date":"2025-11-14T17:57:10","date_gmt":"2025-11-14T16:57:10","guid":{"rendered":"https:\/\/www.ernstbrunn-apotheke.at\/katalog\/produkt\/vollkraft-haferflocken-fein-500-g-bio\/"},"modified":"2025-12-09T10:32:28","modified_gmt":"2025-12-09T09:32:28","slug":"vollkraft-haferflocken-fein-500-g-bio","status":"publish","type":"product","link":"https:\/\/www.ernstbrunn-apotheke.at\/katalog\/produkt\/vollkraft-haferflocken-fein-500-g-bio\/","title":{"rendered":"Vollkraft Haferflocken fein 500 g BIO"},"content":{"rendered":"<p>Vollkraft Haferflocken FEIN kbA eignen sich optimal f\u00fcrs M\u00fcsli oder f\u00fcr die Zubereitung von Haferbrei. Sehr leichte Verdaulichkeit.<\/p>\n","protected":false},"excerpt":{"rendered":"<p>Vollkraft Haferflocken FEIN kbA eignen sich optimal f\u00fcrs M\u00fcsli oder f\u00fcr die Zubereitung von Haferbrei. Sehr leichte Verdaulichkeit.<\/p>\n","protected":false},"featured_media":137804,"template":"","meta":{"_acf_changed":false},"product_brand":[869],"product_cat":[799],"product_tag":[],"class_list":{"0":"post-137802","1":"product","2":"type-product","3":"status-publish","4":"has-post-thumbnail","6":"product_brand-vollkraft","7":"product_cat-v","8":"pa_packungsgroesse-500g","10":"first","11":"instock","12":"shipping-taxable","13":"purchasable","14":"product-type-simple"},"acf":[],"_links":{"self":[{"href":"https:\/\/www.ernstbrunn-apotheke.at\/katalog\/wp-json\/wp\/v2\/product\/137802","targetHints":{"allow":["GET"]}}],"collection":[{"href":"https:\/\/www.ernstbrunn-apotheke.at\/katalog\/wp-json\/wp\/v2\/product"}],"about":[{"href":"https:\/\/www.ernstbrunn-apotheke.at\/katalog\/wp-json\/wp\/v2\/types\/product"}],"wp:featuredmedia":[{"embeddable":true,"href":"https:\/\/www.ernstbrunn-apotheke.at\/katalog\/wp-json\/wp\/v2\/media\/137804"}],"wp:attachment":[{"href":"https:\/\/www.ernstbrunn-apotheke.at\/katalog\/wp-json\/wp\/v2\/media?parent=137802"}],"wp:term":[{"taxonomy":"product_brand","embeddable":true,"href":"https:\/\/www.ernstbrunn-apotheke.at\/katalog\/wp-json\/wp\/v2\/product_brand?post=137802"},{"taxonomy":"product_cat","embeddable":true,"href":"https:\/\/www.ernstbrunn-apotheke.at\/katalog\/wp-json\/wp\/v2\/product_cat?post=137802"},{"taxonomy":"product_tag","embeddable":true,"href":"https:\/\/www.ernstbrunn-apotheke.at\/katalog\/wp-json\/wp\/v2\/product_tag?post=137802"}],"curies":[{"name":"wp","href":"https:\/\/api.w.org\/{rel}","templated":true}]}}