{"id":137767,"date":"2025-11-14T17:56:45","date_gmt":"2025-11-14T16:56:45","guid":{"rendered":"https:\/\/www.ernstbrunn-apotheke.at\/katalog\/produkt\/vollkraft-dinkel-griess-grob-500-g-bio\/"},"modified":"2025-12-09T10:32:23","modified_gmt":"2025-12-09T09:32:23","slug":"vollkraft-dinkel-griess-grob-500-g-bio","status":"publish","type":"product","link":"https:\/\/www.ernstbrunn-apotheke.at\/katalog\/produkt\/vollkraft-dinkel-griess-grob-500-g-bio\/","title":{"rendered":"Vollkraft Dinkel Grie\u00df Grob 500 g BIO"},"content":{"rendered":"<p>Vollkraft Dinkel Grie\u00df G kbA ist nicht nur sehr n\u00e4hrstoffreich, sondern verw\u00f6hnt auch mit einem besonders herzhaften, charakteristischen Aroma. Er stellt geschmacklich eine wunderbare Alternative zu Weizen dar und ergibt verschieden zubereitet einen k\u00f6stlich gesunden Genuss.<\/p>\n","protected":false},"excerpt":{"rendered":"<p>Vollkraft Dinkel Grie\u00df G kbA ist nicht nur sehr n\u00e4hrstoffreich, sondern verw\u00f6hnt auch mit einem besonders herzhaften, charakteristischen Aroma. Er stellt geschmacklich eine wunderbare Alternative zu Weizen dar und ergibt verschieden zubereitet einen k\u00f6stlich gesunden Genuss.<\/p>\n","protected":false},"featured_media":0,"template":"","meta":{"_acf_changed":false},"product_brand":[869],"product_cat":[799],"product_tag":[],"class_list":{"0":"post-137767","1":"product","2":"type-product","3":"status-publish","5":"product_brand-vollkraft","6":"product_cat-v","7":"pa_packungsgroesse-500g","9":"first","10":"instock","11":"shipping-taxable","12":"purchasable","13":"product-type-simple"},"acf":[],"_links":{"self":[{"href":"https:\/\/www.ernstbrunn-apotheke.at\/katalog\/wp-json\/wp\/v2\/product\/137767","targetHints":{"allow":["GET"]}}],"collection":[{"href":"https:\/\/www.ernstbrunn-apotheke.at\/katalog\/wp-json\/wp\/v2\/product"}],"about":[{"href":"https:\/\/www.ernstbrunn-apotheke.at\/katalog\/wp-json\/wp\/v2\/types\/product"}],"wp:attachment":[{"href":"https:\/\/www.ernstbrunn-apotheke.at\/katalog\/wp-json\/wp\/v2\/media?parent=137767"}],"wp:term":[{"taxonomy":"product_brand","embeddable":true,"href":"https:\/\/www.ernstbrunn-apotheke.at\/katalog\/wp-json\/wp\/v2\/product_brand?post=137767"},{"taxonomy":"product_cat","embeddable":true,"href":"https:\/\/www.ernstbrunn-apotheke.at\/katalog\/wp-json\/wp\/v2\/product_cat?post=137767"},{"taxonomy":"product_tag","embeddable":true,"href":"https:\/\/www.ernstbrunn-apotheke.at\/katalog\/wp-json\/wp\/v2\/product_tag?post=137767"}],"curies":[{"name":"wp","href":"https:\/\/api.w.org\/{rel}","templated":true}]}}