{"id":137732,"date":"2025-11-14T17:55:18","date_gmt":"2025-11-14T16:55:18","guid":{"rendered":"https:\/\/www.ernstbrunn-apotheke.at\/katalog\/produkt\/vollkraft-braunhirse-vermahlen-750-g-bio\/"},"modified":"2025-12-09T10:32:18","modified_gmt":"2025-12-09T09:32:18","slug":"vollkraft-braunhirse-vermahlen-750-g-bio","status":"publish","type":"product","link":"https:\/\/www.ernstbrunn-apotheke.at\/katalog\/produkt\/vollkraft-braunhirse-vermahlen-750-g-bio\/","title":{"rendered":"Vollkraft Braunhirse vermahlen 750 g BIO"},"content":{"rendered":"<p>Vollkraft Braunhirse gemahlen kbA enth\u00e4lt Kiesels\u00e4ure, Mineralstoffe, Spurenelemente und Vitamine. Kiesels\u00e4ure als wasserhaltige Verbindung von Siliziumdioxid ist eine bedeutende Ursubstanz f\u00fcr jeden lebenden Organismus. Wissenschaftler haben erkannt, dass kein lebender Stoff und kein lebender Organismus ohne Kiesels\u00e4ure existieren kann. In der Braunhirse sind die Mineralstoffe und Spurenelemente in sehr feiner Form eingelagert und k\u00f6nnen daher in hohem Ma\u00dfe vom Organismus bzw. den K\u00f6rperzellen aufgenommen werden.<\/p>\n","protected":false},"excerpt":{"rendered":"<p>Vollkraft Braunhirse gemahlen kbA enth\u00e4lt Kiesels\u00e4ure, Mineralstoffe, Spurenelemente und Vitamine. Kiesels\u00e4ure als wasserhaltige Verbindung von Siliziumdioxid ist eine bedeutende Ursubstanz f\u00fcr jeden lebenden Organismus. Wissenschaftler haben erkannt, dass kein lebender Stoff und kein lebender Organismus ohne Kiesels\u00e4ure existieren kann. In der Braunhirse sind die Mineralstoffe und Spurenelemente in sehr feiner Form eingelagert und k\u00f6nnen daher [&hellip;]<\/p>\n","protected":false},"featured_media":137734,"template":"","meta":{"_acf_changed":false},"product_brand":[869],"product_cat":[799],"product_tag":[],"class_list":{"0":"post-137732","1":"product","2":"type-product","3":"status-publish","4":"has-post-thumbnail","6":"product_brand-vollkraft","7":"product_cat-v","8":"pa_packungsgroesse-750g","10":"first","11":"instock","12":"shipping-taxable","13":"purchasable","14":"product-type-simple"},"acf":[],"_links":{"self":[{"href":"https:\/\/www.ernstbrunn-apotheke.at\/katalog\/wp-json\/wp\/v2\/product\/137732","targetHints":{"allow":["GET"]}}],"collection":[{"href":"https:\/\/www.ernstbrunn-apotheke.at\/katalog\/wp-json\/wp\/v2\/product"}],"about":[{"href":"https:\/\/www.ernstbrunn-apotheke.at\/katalog\/wp-json\/wp\/v2\/types\/product"}],"wp:featuredmedia":[{"embeddable":true,"href":"https:\/\/www.ernstbrunn-apotheke.at\/katalog\/wp-json\/wp\/v2\/media\/137734"}],"wp:attachment":[{"href":"https:\/\/www.ernstbrunn-apotheke.at\/katalog\/wp-json\/wp\/v2\/media?parent=137732"}],"wp:term":[{"taxonomy":"product_brand","embeddable":true,"href":"https:\/\/www.ernstbrunn-apotheke.at\/katalog\/wp-json\/wp\/v2\/product_brand?post=137732"},{"taxonomy":"product_cat","embeddable":true,"href":"https:\/\/www.ernstbrunn-apotheke.at\/katalog\/wp-json\/wp\/v2\/product_cat?post=137732"},{"taxonomy":"product_tag","embeddable":true,"href":"https:\/\/www.ernstbrunn-apotheke.at\/katalog\/wp-json\/wp\/v2\/product_tag?post=137732"}],"curies":[{"name":"wp","href":"https:\/\/api.w.org\/{rel}","templated":true}]}}