{"id":137702,"date":"2025-11-14T17:54:41","date_gmt":"2025-11-14T16:54:41","guid":{"rendered":"https:\/\/www.ernstbrunn-apotheke.at\/katalog\/produkt\/zaffranax-guter-schlaf-tabletten-20-stk\/"},"modified":"2025-12-09T10:32:16","modified_gmt":"2025-12-09T09:32:16","slug":"zaffranax-guter-schlaf-tabletten-20-stk","status":"publish","type":"product","link":"https:\/\/www.ernstbrunn-apotheke.at\/katalog\/produkt\/zaffranax-guter-schlaf-tabletten-20-stk\/","title":{"rendered":"Zaffranax Guter Schlaf Tabletten 20 Stk."},"content":{"rendered":"<p>Bei Zaffranax Guter Schlaf Tabletten handelt es sich um ein Nahrungserg\u00e4nzungsmittel mit Extrakten aus Safran, Spargel und Zitronenmelisse sowie Vitamin C, E und Zink. Das Pr\u00e4parat f\u00f6rdert daher die Entspannung und unterst\u00fctzt einen erholsamen Schlaf. Stress kann h\u00e4ufig Schwierigkeiten beim Ein- sowie Durchschlafen bereiten und dadurch das allgemeine Wohlbefinden beeintr\u00e4chtigen. Die Zaffranax Guter Schlaf Tabletten versorgen den Organismus mit einer speziellen Kombination aus wertvollen pflanzlichen Extrakten sowie Antioxidantien, welche die Entspannung sowie einen erholsamen Schlaf unterst\u00fctzen. Safran f\u00f6rdert eine positive Stimmung und tr\u00e4gt zur Entspannung bei. Zitronenmelisse unterst\u00fctzt das Einschlafen und sorgt f\u00fcr einen erholsamen Schlaf. Vitamin C, E sowie Zink bewahren die Zellen vor oxidativem Stress und Zink f\u00f6rdert zus\u00e4tzlich eine normale kognitive Funktion. Vitamin C tr\u00e4gt zudem zu einer normalen Funktion des Nervensystems sowie zu der Reduktion von M\u00fcdigkeit bei. Somit bietet das Pr\u00e4parat die idealen Voraussetzungen, einen entspannten sowie erholsamen Schlaf zu unterst\u00fctzen.<\/p>\n","protected":false},"excerpt":{"rendered":"<p>Bei Zaffranax Guter Schlaf Tabletten handelt es sich um ein Nahrungserg\u00e4nzungsmittel mit Extrakten aus Safran, Spargel und Zitronenmelisse sowie Vitamin C, E und Zink. Das Pr\u00e4parat f\u00f6rdert daher die Entspannung und unterst\u00fctzt einen erholsamen Schlaf. Stress kann h\u00e4ufig Schwierigkeiten beim Ein- sowie Durchschlafen bereiten und dadurch das allgemeine Wohlbefinden beeintr\u00e4chtigen. Die Zaffranax Guter Schlaf Tabletten [&hellip;]<\/p>\n","protected":false},"featured_media":137704,"template":"","meta":{"_acf_changed":false},"product_brand":[],"product_cat":[803],"product_tag":[],"class_list":{"0":"post-137702","1":"product","2":"type-product","3":"status-publish","4":"has-post-thumbnail","6":"product_cat-z","7":"pa_packungsgroesse-20-stueck","9":"first","10":"instock","11":"shipping-taxable","12":"purchasable","13":"product-type-simple"},"acf":[],"_links":{"self":[{"href":"https:\/\/www.ernstbrunn-apotheke.at\/katalog\/wp-json\/wp\/v2\/product\/137702","targetHints":{"allow":["GET"]}}],"collection":[{"href":"https:\/\/www.ernstbrunn-apotheke.at\/katalog\/wp-json\/wp\/v2\/product"}],"about":[{"href":"https:\/\/www.ernstbrunn-apotheke.at\/katalog\/wp-json\/wp\/v2\/types\/product"}],"wp:featuredmedia":[{"embeddable":true,"href":"https:\/\/www.ernstbrunn-apotheke.at\/katalog\/wp-json\/wp\/v2\/media\/137704"}],"wp:attachment":[{"href":"https:\/\/www.ernstbrunn-apotheke.at\/katalog\/wp-json\/wp\/v2\/media?parent=137702"}],"wp:term":[{"taxonomy":"product_brand","embeddable":true,"href":"https:\/\/www.ernstbrunn-apotheke.at\/katalog\/wp-json\/wp\/v2\/product_brand?post=137702"},{"taxonomy":"product_cat","embeddable":true,"href":"https:\/\/www.ernstbrunn-apotheke.at\/katalog\/wp-json\/wp\/v2\/product_cat?post=137702"},{"taxonomy":"product_tag","embeddable":true,"href":"https:\/\/www.ernstbrunn-apotheke.at\/katalog\/wp-json\/wp\/v2\/product_tag?post=137702"}],"curies":[{"name":"wp","href":"https:\/\/api.w.org\/{rel}","templated":true}]}}