{"id":137699,"date":"2025-11-14T17:54:41","date_gmt":"2025-11-14T16:54:41","guid":{"rendered":"https:\/\/www.ernstbrunn-apotheke.at\/katalog\/produkt\/yogi-tee-wohlfuehlen\/"},"modified":"2025-12-09T10:32:15","modified_gmt":"2025-12-09T09:32:15","slug":"yogi-tee-wohlfuehlen","status":"publish","type":"product","link":"https:\/\/www.ernstbrunn-apotheke.at\/katalog\/produkt\/yogi-tee-wohlfuehlen\/","title":{"rendered":"Yogi Tee Wohlf\u00fchlen"},"content":{"rendered":"<p>Yogi Tee Wohlf\u00fchlen mit w\u00e4rmendem Zimt und aromatischem Salbei schmeckt nach Entspannen auf orientalisch-mediterane Art. Zitronengras, Kardamom und S\u00fc\u00dfholz unterst\u00fctzen den einzigartigen Geschmack. Es ist eine Kunst, sich wohl zu f\u00fchlen und Zeit f\u00fcr sich selbst zu reservieren. Wir k\u00f6nnen sie mit einer Tasse Wohlf\u00fchl Tee erlernen.<\/p>\n","protected":false},"excerpt":{"rendered":"<p>Yogi Tee Wohlf\u00fchlen mit w\u00e4rmendem Zimt und aromatischem Salbei schmeckt nach Entspannen auf orientalisch-mediterane Art. Zitronengras, Kardamom und S\u00fc\u00dfholz unterst\u00fctzen den einzigartigen Geschmack. Es ist eine Kunst, sich wohl zu f\u00fchlen und Zeit f\u00fcr sich selbst zu reservieren. Wir k\u00f6nnen sie mit einer Tasse Wohlf\u00fchl Tee erlernen.<\/p>\n","protected":false},"featured_media":137701,"template":"","meta":{"_acf_changed":false},"product_brand":[1510],"product_cat":[835],"product_tag":[],"class_list":{"0":"post-137699","1":"product","2":"type-product","3":"status-publish","4":"has-post-thumbnail","6":"product_brand-yogi-tee","7":"product_cat-y","8":"pa_packungsgroesse-500","10":"first","11":"instock","12":"shipping-taxable","13":"purchasable","14":"product-type-simple"},"acf":[],"_links":{"self":[{"href":"https:\/\/www.ernstbrunn-apotheke.at\/katalog\/wp-json\/wp\/v2\/product\/137699","targetHints":{"allow":["GET"]}}],"collection":[{"href":"https:\/\/www.ernstbrunn-apotheke.at\/katalog\/wp-json\/wp\/v2\/product"}],"about":[{"href":"https:\/\/www.ernstbrunn-apotheke.at\/katalog\/wp-json\/wp\/v2\/types\/product"}],"wp:featuredmedia":[{"embeddable":true,"href":"https:\/\/www.ernstbrunn-apotheke.at\/katalog\/wp-json\/wp\/v2\/media\/137701"}],"wp:attachment":[{"href":"https:\/\/www.ernstbrunn-apotheke.at\/katalog\/wp-json\/wp\/v2\/media?parent=137699"}],"wp:term":[{"taxonomy":"product_brand","embeddable":true,"href":"https:\/\/www.ernstbrunn-apotheke.at\/katalog\/wp-json\/wp\/v2\/product_brand?post=137699"},{"taxonomy":"product_cat","embeddable":true,"href":"https:\/\/www.ernstbrunn-apotheke.at\/katalog\/wp-json\/wp\/v2\/product_cat?post=137699"},{"taxonomy":"product_tag","embeddable":true,"href":"https:\/\/www.ernstbrunn-apotheke.at\/katalog\/wp-json\/wp\/v2\/product_tag?post=137699"}],"curies":[{"name":"wp","href":"https:\/\/api.w.org\/{rel}","templated":true}]}}