{"id":137693,"date":"2025-11-14T17:54:41","date_gmt":"2025-11-14T16:54:41","guid":{"rendered":"https:\/\/www.ernstbrunn-apotheke.at\/katalog\/produkt\/yogi-tee-sweet-chai\/"},"modified":"2025-12-09T10:32:14","modified_gmt":"2025-12-09T09:32:14","slug":"yogi-tee-sweet-chai","status":"publish","type":"product","link":"https:\/\/www.ernstbrunn-apotheke.at\/katalog\/produkt\/yogi-tee-sweet-chai\/","title":{"rendered":"Yogi Tee Sweet Chai"},"content":{"rendered":"<p>Yogi Tee Sweet Chai ist mit seiner nat\u00fcrlichen S\u00fc\u00dfe von Kr\u00e4utern und Gew\u00fcrzen wie Anis, Fenchel, Nelken oder Kardamom ein Tee zum Verlieben. Wenn unsere Bodenhaftung einmal verloren geht, ist S\u00fc\u00dfe besonders bedeutend, da sie das Element Erde repr\u00e4sentiert.<\/p>\n","protected":false},"excerpt":{"rendered":"<p>Yogi Tee Sweet Chai ist mit seiner nat\u00fcrlichen S\u00fc\u00dfe von Kr\u00e4utern und Gew\u00fcrzen wie Anis, Fenchel, Nelken oder Kardamom ein Tee zum Verlieben. Wenn unsere Bodenhaftung einmal verloren geht, ist S\u00fc\u00dfe besonders bedeutend, da sie das Element Erde repr\u00e4sentiert.<\/p>\n","protected":false},"featured_media":137695,"template":"","meta":{"_acf_changed":false},"product_brand":[1510],"product_cat":[835],"product_tag":[],"class_list":{"0":"post-137693","1":"product","2":"type-product","3":"status-publish","4":"has-post-thumbnail","6":"product_brand-yogi-tee","7":"product_cat-y","8":"pa_packungsgroesse-500","10":"first","11":"instock","12":"shipping-taxable","13":"purchasable","14":"product-type-simple"},"acf":[],"_links":{"self":[{"href":"https:\/\/www.ernstbrunn-apotheke.at\/katalog\/wp-json\/wp\/v2\/product\/137693","targetHints":{"allow":["GET"]}}],"collection":[{"href":"https:\/\/www.ernstbrunn-apotheke.at\/katalog\/wp-json\/wp\/v2\/product"}],"about":[{"href":"https:\/\/www.ernstbrunn-apotheke.at\/katalog\/wp-json\/wp\/v2\/types\/product"}],"wp:featuredmedia":[{"embeddable":true,"href":"https:\/\/www.ernstbrunn-apotheke.at\/katalog\/wp-json\/wp\/v2\/media\/137695"}],"wp:attachment":[{"href":"https:\/\/www.ernstbrunn-apotheke.at\/katalog\/wp-json\/wp\/v2\/media?parent=137693"}],"wp:term":[{"taxonomy":"product_brand","embeddable":true,"href":"https:\/\/www.ernstbrunn-apotheke.at\/katalog\/wp-json\/wp\/v2\/product_brand?post=137693"},{"taxonomy":"product_cat","embeddable":true,"href":"https:\/\/www.ernstbrunn-apotheke.at\/katalog\/wp-json\/wp\/v2\/product_cat?post=137693"},{"taxonomy":"product_tag","embeddable":true,"href":"https:\/\/www.ernstbrunn-apotheke.at\/katalog\/wp-json\/wp\/v2\/product_tag?post=137693"}],"curies":[{"name":"wp","href":"https:\/\/api.w.org\/{rel}","templated":true}]}}