{"id":137674,"date":"2025-11-14T17:54:05","date_gmt":"2025-11-14T16:54:05","guid":{"rendered":"https:\/\/www.ernstbrunn-apotheke.at\/katalog\/produkt\/yogi-tee-lebensfreude\/"},"modified":"2025-12-09T10:32:11","modified_gmt":"2025-12-09T09:32:11","slug":"yogi-tee-lebensfreude","status":"publish","type":"product","link":"https:\/\/www.ernstbrunn-apotheke.at\/katalog\/produkt\/yogi-tee-lebensfreude\/","title":{"rendered":"Yogi Tee Lebensfreude"},"content":{"rendered":"<p>Yogi Tee Lebensfreude wird durch Basilikum mit seinen Essenzen gekr\u00f6nt. Chili, Ingwer und schwarzer Pfeffer verteilen sie mit Nachdruck im ganzen K\u00f6rper. Sie durchw\u00e4rmen, transformieren, st\u00e4rken ihn und bringen neue frische Lebensenergie in jede Zelle. Ein leicht fruchtig-frischer leckerer Tee.<\/p>\n","protected":false},"excerpt":{"rendered":"<p>Yogi Tee Lebensfreude wird durch Basilikum mit seinen Essenzen gekr\u00f6nt. Chili, Ingwer und schwarzer Pfeffer verteilen sie mit Nachdruck im ganzen K\u00f6rper. Sie durchw\u00e4rmen, transformieren, st\u00e4rken ihn und bringen neue frische Lebensenergie in jede Zelle. Ein leicht fruchtig-frischer leckerer Tee.<\/p>\n","protected":false},"featured_media":137676,"template":"","meta":{"_acf_changed":false},"product_brand":[1510],"product_cat":[835],"product_tag":[],"class_list":{"0":"post-137674","1":"product","2":"type-product","3":"status-publish","4":"has-post-thumbnail","6":"product_brand-yogi-tee","7":"product_cat-y","8":"pa_packungsgroesse-500","10":"first","11":"instock","12":"shipping-taxable","13":"purchasable","14":"product-type-simple"},"acf":[],"_links":{"self":[{"href":"https:\/\/www.ernstbrunn-apotheke.at\/katalog\/wp-json\/wp\/v2\/product\/137674","targetHints":{"allow":["GET"]}}],"collection":[{"href":"https:\/\/www.ernstbrunn-apotheke.at\/katalog\/wp-json\/wp\/v2\/product"}],"about":[{"href":"https:\/\/www.ernstbrunn-apotheke.at\/katalog\/wp-json\/wp\/v2\/types\/product"}],"wp:featuredmedia":[{"embeddable":true,"href":"https:\/\/www.ernstbrunn-apotheke.at\/katalog\/wp-json\/wp\/v2\/media\/137676"}],"wp:attachment":[{"href":"https:\/\/www.ernstbrunn-apotheke.at\/katalog\/wp-json\/wp\/v2\/media?parent=137674"}],"wp:term":[{"taxonomy":"product_brand","embeddable":true,"href":"https:\/\/www.ernstbrunn-apotheke.at\/katalog\/wp-json\/wp\/v2\/product_brand?post=137674"},{"taxonomy":"product_cat","embeddable":true,"href":"https:\/\/www.ernstbrunn-apotheke.at\/katalog\/wp-json\/wp\/v2\/product_cat?post=137674"},{"taxonomy":"product_tag","embeddable":true,"href":"https:\/\/www.ernstbrunn-apotheke.at\/katalog\/wp-json\/wp\/v2\/product_tag?post=137674"}],"curies":[{"name":"wp","href":"https:\/\/api.w.org\/{rel}","templated":true}]}}