{"id":137671,"date":"2025-11-14T17:54:05","date_gmt":"2025-11-14T16:54:05","guid":{"rendered":"https:\/\/www.ernstbrunn-apotheke.at\/katalog\/produkt\/yogi-tee-lakritz\/"},"modified":"2025-12-09T10:32:11","modified_gmt":"2025-12-09T09:32:11","slug":"yogi-tee-lakritz","status":"publish","type":"product","link":"https:\/\/www.ernstbrunn-apotheke.at\/katalog\/produkt\/yogi-tee-lakritz\/","title":{"rendered":"Yogi Tee Lakritz"},"content":{"rendered":"<p>Yogi Tee Lakritz hilft uns auf angenehme Weise \u00e4runterzukommen\u201c. Wenn der ganze Tag aus Telefonieren, Kommunikation, schnellem Denken und Unterwegssein besteht, beruhigt und erdet eine gesunde, nat\u00fcrliche S\u00fc\u00dfe. Die Gew\u00fcrze im Tee lassen uns unseren K\u00f6rper wieder sp\u00fcren. Ingwer, Orangenschalen und andere orientalische Gew\u00fcrzgeheimnisse vervollkommnen diesen besonderen Tee zu einem wahrhaftigen Geschmackserlebnis.<\/p>\n","protected":false},"excerpt":{"rendered":"<p>Yogi Tee Lakritz hilft uns auf angenehme Weise \u00e4runterzukommen\u201c. Wenn der ganze Tag aus Telefonieren, Kommunikation, schnellem Denken und Unterwegssein besteht, beruhigt und erdet eine gesunde, nat\u00fcrliche S\u00fc\u00dfe. Die Gew\u00fcrze im Tee lassen uns unseren K\u00f6rper wieder sp\u00fcren. Ingwer, Orangenschalen und andere orientalische Gew\u00fcrzgeheimnisse vervollkommnen diesen besonderen Tee zu einem wahrhaftigen Geschmackserlebnis.<\/p>\n","protected":false},"featured_media":137673,"template":"","meta":{"_acf_changed":false},"product_brand":[1510],"product_cat":[835],"product_tag":[],"class_list":{"0":"post-137671","1":"product","2":"type-product","3":"status-publish","4":"has-post-thumbnail","6":"product_brand-yogi-tee","7":"product_cat-y","8":"pa_packungsgroesse-500","10":"first","11":"instock","12":"shipping-taxable","13":"purchasable","14":"product-type-simple"},"acf":[],"_links":{"self":[{"href":"https:\/\/www.ernstbrunn-apotheke.at\/katalog\/wp-json\/wp\/v2\/product\/137671","targetHints":{"allow":["GET"]}}],"collection":[{"href":"https:\/\/www.ernstbrunn-apotheke.at\/katalog\/wp-json\/wp\/v2\/product"}],"about":[{"href":"https:\/\/www.ernstbrunn-apotheke.at\/katalog\/wp-json\/wp\/v2\/types\/product"}],"wp:featuredmedia":[{"embeddable":true,"href":"https:\/\/www.ernstbrunn-apotheke.at\/katalog\/wp-json\/wp\/v2\/media\/137673"}],"wp:attachment":[{"href":"https:\/\/www.ernstbrunn-apotheke.at\/katalog\/wp-json\/wp\/v2\/media?parent=137671"}],"wp:term":[{"taxonomy":"product_brand","embeddable":true,"href":"https:\/\/www.ernstbrunn-apotheke.at\/katalog\/wp-json\/wp\/v2\/product_brand?post=137671"},{"taxonomy":"product_cat","embeddable":true,"href":"https:\/\/www.ernstbrunn-apotheke.at\/katalog\/wp-json\/wp\/v2\/product_cat?post=137671"},{"taxonomy":"product_tag","embeddable":true,"href":"https:\/\/www.ernstbrunn-apotheke.at\/katalog\/wp-json\/wp\/v2\/product_tag?post=137671"}],"curies":[{"name":"wp","href":"https:\/\/api.w.org\/{rel}","templated":true}]}}