{"id":137662,"date":"2025-11-14T17:53:44","date_gmt":"2025-11-14T16:53:44","guid":{"rendered":"https:\/\/www.ernstbrunn-apotheke.at\/katalog\/produkt\/yogi-tee-ingwer-orange-vanille\/"},"modified":"2025-12-09T10:32:10","modified_gmt":"2025-12-09T09:32:10","slug":"yogi-tee-ingwer-orange-vanille","status":"publish","type":"product","link":"https:\/\/www.ernstbrunn-apotheke.at\/katalog\/produkt\/yogi-tee-ingwer-orange-vanille\/","title":{"rendered":"Yogi Tee Ingwer Orange Vanille"},"content":{"rendered":"<p>Yogi Tee Ingwer Orange Vanille macht Laune wie an einem \u00fcberm\u00fctigen Sommertag. Sonnig und anregend schmecken Ingwer und Orangen. Ingwer mit Biss und W\u00fcrze verleiht Ihnen vitales Leben. Die Orangen sorgen f\u00fcr Sonnigkeit. Dazu noch Minze, Zitronengras und Vanille  und es wird endlich wieder Sommer.<\/p>\n","protected":false},"excerpt":{"rendered":"<p>Yogi Tee Ingwer Orange Vanille macht Laune wie an einem \u00fcberm\u00fctigen Sommertag. Sonnig und anregend schmecken Ingwer und Orangen. Ingwer mit Biss und W\u00fcrze verleiht Ihnen vitales Leben. Die Orangen sorgen f\u00fcr Sonnigkeit. Dazu noch Minze, Zitronengras und Vanille und es wird endlich wieder Sommer.<\/p>\n","protected":false},"featured_media":137664,"template":"","meta":{"_acf_changed":false},"product_brand":[1510],"product_cat":[835],"product_tag":[],"class_list":{"0":"post-137662","1":"product","2":"type-product","3":"status-publish","4":"has-post-thumbnail","6":"product_brand-yogi-tee","7":"product_cat-y","8":"pa_packungsgroesse-500","10":"first","11":"instock","12":"shipping-taxable","13":"purchasable","14":"product-type-simple"},"acf":[],"_links":{"self":[{"href":"https:\/\/www.ernstbrunn-apotheke.at\/katalog\/wp-json\/wp\/v2\/product\/137662","targetHints":{"allow":["GET"]}}],"collection":[{"href":"https:\/\/www.ernstbrunn-apotheke.at\/katalog\/wp-json\/wp\/v2\/product"}],"about":[{"href":"https:\/\/www.ernstbrunn-apotheke.at\/katalog\/wp-json\/wp\/v2\/types\/product"}],"wp:featuredmedia":[{"embeddable":true,"href":"https:\/\/www.ernstbrunn-apotheke.at\/katalog\/wp-json\/wp\/v2\/media\/137664"}],"wp:attachment":[{"href":"https:\/\/www.ernstbrunn-apotheke.at\/katalog\/wp-json\/wp\/v2\/media?parent=137662"}],"wp:term":[{"taxonomy":"product_brand","embeddable":true,"href":"https:\/\/www.ernstbrunn-apotheke.at\/katalog\/wp-json\/wp\/v2\/product_brand?post=137662"},{"taxonomy":"product_cat","embeddable":true,"href":"https:\/\/www.ernstbrunn-apotheke.at\/katalog\/wp-json\/wp\/v2\/product_cat?post=137662"},{"taxonomy":"product_tag","embeddable":true,"href":"https:\/\/www.ernstbrunn-apotheke.at\/katalog\/wp-json\/wp\/v2\/product_tag?post=137662"}],"curies":[{"name":"wp","href":"https:\/\/api.w.org\/{rel}","templated":true}]}}