{"id":137659,"date":"2025-11-14T17:53:44","date_gmt":"2025-11-14T16:53:44","guid":{"rendered":"https:\/\/www.ernstbrunn-apotheke.at\/katalog\/produkt\/yogi-tee-himalaya\/"},"modified":"2025-12-09T10:32:09","modified_gmt":"2025-12-09T09:32:09","slug":"yogi-tee-himalaya","status":"publish","type":"product","link":"https:\/\/www.ernstbrunn-apotheke.at\/katalog\/produkt\/yogi-tee-himalaya\/","title":{"rendered":"Yogi Tee Himalaya"},"content":{"rendered":"<p>Yogi Tee Himalaya verf\u00fcgt \u00fcber eine sanfte Note. Die Zugabe von warmem, s\u00fc\u00dfem Zimt macht ihn besonders lecker. Wie jeder Chai ist Himalaya ein Getr\u00e4nk von miteinander harmonierenden Gew\u00fcrzen und Milch oder Milchersatz.<\/p>\n","protected":false},"excerpt":{"rendered":"<p>Yogi Tee Himalaya verf\u00fcgt \u00fcber eine sanfte Note. Die Zugabe von warmem, s\u00fc\u00dfem Zimt macht ihn besonders lecker. Wie jeder Chai ist Himalaya ein Getr\u00e4nk von miteinander harmonierenden Gew\u00fcrzen und Milch oder Milchersatz.<\/p>\n","protected":false},"featured_media":137661,"template":"","meta":{"_acf_changed":false},"product_brand":[1510],"product_cat":[835],"product_tag":[],"class_list":{"0":"post-137659","1":"product","2":"type-product","3":"status-publish","4":"has-post-thumbnail","6":"product_brand-yogi-tee","7":"product_cat-y","8":"pa_packungsgroesse-500","10":"first","11":"instock","12":"shipping-taxable","13":"purchasable","14":"product-type-simple"},"acf":[],"_links":{"self":[{"href":"https:\/\/www.ernstbrunn-apotheke.at\/katalog\/wp-json\/wp\/v2\/product\/137659","targetHints":{"allow":["GET"]}}],"collection":[{"href":"https:\/\/www.ernstbrunn-apotheke.at\/katalog\/wp-json\/wp\/v2\/product"}],"about":[{"href":"https:\/\/www.ernstbrunn-apotheke.at\/katalog\/wp-json\/wp\/v2\/types\/product"}],"wp:featuredmedia":[{"embeddable":true,"href":"https:\/\/www.ernstbrunn-apotheke.at\/katalog\/wp-json\/wp\/v2\/media\/137661"}],"wp:attachment":[{"href":"https:\/\/www.ernstbrunn-apotheke.at\/katalog\/wp-json\/wp\/v2\/media?parent=137659"}],"wp:term":[{"taxonomy":"product_brand","embeddable":true,"href":"https:\/\/www.ernstbrunn-apotheke.at\/katalog\/wp-json\/wp\/v2\/product_brand?post=137659"},{"taxonomy":"product_cat","embeddable":true,"href":"https:\/\/www.ernstbrunn-apotheke.at\/katalog\/wp-json\/wp\/v2\/product_cat?post=137659"},{"taxonomy":"product_tag","embeddable":true,"href":"https:\/\/www.ernstbrunn-apotheke.at\/katalog\/wp-json\/wp\/v2\/product_tag?post=137659"}],"curies":[{"name":"wp","href":"https:\/\/api.w.org\/{rel}","templated":true}]}}