{"id":137656,"date":"2025-11-14T17:53:44","date_gmt":"2025-11-14T16:53:44","guid":{"rendered":"https:\/\/www.ernstbrunn-apotheke.at\/katalog\/produkt\/yogi-tee-halswaermer\/"},"modified":"2025-12-09T10:32:08","modified_gmt":"2025-12-09T09:32:08","slug":"yogi-tee-halswaermer","status":"publish","type":"product","link":"https:\/\/www.ernstbrunn-apotheke.at\/katalog\/produkt\/yogi-tee-halswaermer\/","title":{"rendered":"Yogi Tee Halsw\u00e4rmer"},"content":{"rendered":"<p>Yogi Tea Halsw\u00e4rmer Bio ist ein sanfter, leicht fruchtiger, s\u00fc\u00dfer Tee, verfeinert durch die Zugabe von Orangenschalen, Fenchel, Thymian und Ingwer. Dieser Tee beruhigt den Hals auf sanfte Weise und hilft Ihnen, sich so von den Strapazen des Alltags zu erholen<\/p>\n","protected":false},"excerpt":{"rendered":"<p>Yogi Tea Halsw\u00e4rmer Bio ist ein sanfter, leicht fruchtiger, s\u00fc\u00dfer Tee, verfeinert durch die Zugabe von Orangenschalen, Fenchel, Thymian und Ingwer. Dieser Tee beruhigt den Hals auf sanfte Weise und hilft Ihnen, sich so von den Strapazen des Alltags zu erholen<\/p>\n","protected":false},"featured_media":137658,"template":"","meta":{"_acf_changed":false},"product_brand":[1510],"product_cat":[835],"product_tag":[],"class_list":{"0":"post-137656","1":"product","2":"type-product","3":"status-publish","4":"has-post-thumbnail","6":"product_brand-yogi-tee","7":"product_cat-y","8":"pa_packungsgroesse-500","10":"first","11":"instock","12":"shipping-taxable","13":"purchasable","14":"product-type-simple"},"acf":[],"_links":{"self":[{"href":"https:\/\/www.ernstbrunn-apotheke.at\/katalog\/wp-json\/wp\/v2\/product\/137656","targetHints":{"allow":["GET"]}}],"collection":[{"href":"https:\/\/www.ernstbrunn-apotheke.at\/katalog\/wp-json\/wp\/v2\/product"}],"about":[{"href":"https:\/\/www.ernstbrunn-apotheke.at\/katalog\/wp-json\/wp\/v2\/types\/product"}],"wp:featuredmedia":[{"embeddable":true,"href":"https:\/\/www.ernstbrunn-apotheke.at\/katalog\/wp-json\/wp\/v2\/media\/137658"}],"wp:attachment":[{"href":"https:\/\/www.ernstbrunn-apotheke.at\/katalog\/wp-json\/wp\/v2\/media?parent=137656"}],"wp:term":[{"taxonomy":"product_brand","embeddable":true,"href":"https:\/\/www.ernstbrunn-apotheke.at\/katalog\/wp-json\/wp\/v2\/product_brand?post=137656"},{"taxonomy":"product_cat","embeddable":true,"href":"https:\/\/www.ernstbrunn-apotheke.at\/katalog\/wp-json\/wp\/v2\/product_cat?post=137656"},{"taxonomy":"product_tag","embeddable":true,"href":"https:\/\/www.ernstbrunn-apotheke.at\/katalog\/wp-json\/wp\/v2\/product_tag?post=137656"}],"curies":[{"name":"wp","href":"https:\/\/api.w.org\/{rel}","templated":true}]}}