{"id":137653,"date":"2025-11-14T17:53:23","date_gmt":"2025-11-14T16:53:23","guid":{"rendered":"https:\/\/www.ernstbrunn-apotheke.at\/katalog\/produkt\/yogi-tee-gruener-morgen\/"},"modified":"2025-12-09T10:32:08","modified_gmt":"2025-12-09T09:32:08","slug":"yogi-tee-gruener-morgen","status":"publish","type":"product","link":"https:\/\/www.ernstbrunn-apotheke.at\/katalog\/produkt\/yogi-tee-gruener-morgen\/","title":{"rendered":"Yogi Tee Gr\u00fcner Morgen"},"content":{"rendered":"<p>Yogi Tee Gr\u00fcner Morgen weckt uns auf. Ingwer belebt die Sinne. Gr\u00fcntee sch\u00e4rft die Wahrnehmung und schenkt eine ruhige Distanz zu den Ereignissen. S\u00fc\u00dfe Geschmacksnoten bringen uns auf den Boden der Tatsachen, dabei schmeckt er frisch und aufregend w\u00fcrzig durch die Zugabe von Zitronengras und -schalen. Ein Hauch von Jasmin und Rosenbl\u00fcten l\u00e4sst uns noch ein wenig tr\u00e4umen, bevor der Tag beginnt.<\/p>\n","protected":false},"excerpt":{"rendered":"<p>Yogi Tee Gr\u00fcner Morgen weckt uns auf. Ingwer belebt die Sinne. Gr\u00fcntee sch\u00e4rft die Wahrnehmung und schenkt eine ruhige Distanz zu den Ereignissen. S\u00fc\u00dfe Geschmacksnoten bringen uns auf den Boden der Tatsachen, dabei schmeckt er frisch und aufregend w\u00fcrzig durch die Zugabe von Zitronengras und -schalen. Ein Hauch von Jasmin und Rosenbl\u00fcten l\u00e4sst uns noch [&hellip;]<\/p>\n","protected":false},"featured_media":137655,"template":"","meta":{"_acf_changed":false},"product_brand":[1510],"product_cat":[835],"product_tag":[],"class_list":{"0":"post-137653","1":"product","2":"type-product","3":"status-publish","4":"has-post-thumbnail","6":"product_brand-yogi-tee","7":"product_cat-y","8":"pa_packungsgroesse-500","10":"first","11":"instock","12":"shipping-taxable","13":"purchasable","14":"product-type-simple"},"acf":[],"_links":{"self":[{"href":"https:\/\/www.ernstbrunn-apotheke.at\/katalog\/wp-json\/wp\/v2\/product\/137653","targetHints":{"allow":["GET"]}}],"collection":[{"href":"https:\/\/www.ernstbrunn-apotheke.at\/katalog\/wp-json\/wp\/v2\/product"}],"about":[{"href":"https:\/\/www.ernstbrunn-apotheke.at\/katalog\/wp-json\/wp\/v2\/types\/product"}],"wp:featuredmedia":[{"embeddable":true,"href":"https:\/\/www.ernstbrunn-apotheke.at\/katalog\/wp-json\/wp\/v2\/media\/137655"}],"wp:attachment":[{"href":"https:\/\/www.ernstbrunn-apotheke.at\/katalog\/wp-json\/wp\/v2\/media?parent=137653"}],"wp:term":[{"taxonomy":"product_brand","embeddable":true,"href":"https:\/\/www.ernstbrunn-apotheke.at\/katalog\/wp-json\/wp\/v2\/product_brand?post=137653"},{"taxonomy":"product_cat","embeddable":true,"href":"https:\/\/www.ernstbrunn-apotheke.at\/katalog\/wp-json\/wp\/v2\/product_cat?post=137653"},{"taxonomy":"product_tag","embeddable":true,"href":"https:\/\/www.ernstbrunn-apotheke.at\/katalog\/wp-json\/wp\/v2\/product_tag?post=137653"}],"curies":[{"name":"wp","href":"https:\/\/api.w.org\/{rel}","templated":true}]}}