{"id":137650,"date":"2025-11-14T17:53:23","date_gmt":"2025-11-14T16:53:23","guid":{"rendered":"https:\/\/www.ernstbrunn-apotheke.at\/katalog\/produkt\/yogi-tee-gruene-harmonie\/"},"modified":"2025-12-09T10:32:07","modified_gmt":"2025-12-09T09:32:07","slug":"yogi-tee-gruene-harmonie","status":"publish","type":"product","link":"https:\/\/www.ernstbrunn-apotheke.at\/katalog\/produkt\/yogi-tee-gruene-harmonie\/","title":{"rendered":"Yogi Tee Gr\u00fcne Harmonie"},"content":{"rendered":"<p>Yogi Tee Gr\u00fcne Harmonie regt nicht nur die subtilen Aspekte des K\u00f6rpers an, sondern h\u00e4lt auch den Geist in einem Zustand bewusst entspannter Gelassenheit. Spuren von Zitronengras, Pfefferminze und Holunderbl\u00fcten verfeinern diese liebliche Gr\u00fcntee-Mischung und verw\u00f6hnen den Gaumen.<\/p>\n","protected":false},"excerpt":{"rendered":"<p>Yogi Tee Gr\u00fcne Harmonie regt nicht nur die subtilen Aspekte des K\u00f6rpers an, sondern h\u00e4lt auch den Geist in einem Zustand bewusst entspannter Gelassenheit. Spuren von Zitronengras, Pfefferminze und Holunderbl\u00fcten verfeinern diese liebliche Gr\u00fcntee-Mischung und verw\u00f6hnen den Gaumen.<\/p>\n","protected":false},"featured_media":137652,"template":"","meta":{"_acf_changed":false},"product_brand":[1510],"product_cat":[835],"product_tag":[],"class_list":{"0":"post-137650","1":"product","2":"type-product","3":"status-publish","4":"has-post-thumbnail","6":"product_brand-yogi-tee","7":"product_cat-y","8":"pa_packungsgroesse-500","10":"first","11":"instock","12":"shipping-taxable","13":"purchasable","14":"product-type-simple"},"acf":[],"_links":{"self":[{"href":"https:\/\/www.ernstbrunn-apotheke.at\/katalog\/wp-json\/wp\/v2\/product\/137650","targetHints":{"allow":["GET"]}}],"collection":[{"href":"https:\/\/www.ernstbrunn-apotheke.at\/katalog\/wp-json\/wp\/v2\/product"}],"about":[{"href":"https:\/\/www.ernstbrunn-apotheke.at\/katalog\/wp-json\/wp\/v2\/types\/product"}],"wp:featuredmedia":[{"embeddable":true,"href":"https:\/\/www.ernstbrunn-apotheke.at\/katalog\/wp-json\/wp\/v2\/media\/137652"}],"wp:attachment":[{"href":"https:\/\/www.ernstbrunn-apotheke.at\/katalog\/wp-json\/wp\/v2\/media?parent=137650"}],"wp:term":[{"taxonomy":"product_brand","embeddable":true,"href":"https:\/\/www.ernstbrunn-apotheke.at\/katalog\/wp-json\/wp\/v2\/product_brand?post=137650"},{"taxonomy":"product_cat","embeddable":true,"href":"https:\/\/www.ernstbrunn-apotheke.at\/katalog\/wp-json\/wp\/v2\/product_cat?post=137650"},{"taxonomy":"product_tag","embeddable":true,"href":"https:\/\/www.ernstbrunn-apotheke.at\/katalog\/wp-json\/wp\/v2\/product_tag?post=137650"}],"curies":[{"name":"wp","href":"https:\/\/api.w.org\/{rel}","templated":true}]}}