{"id":137647,"date":"2025-11-14T17:53:23","date_gmt":"2025-11-14T16:53:23","guid":{"rendered":"https:\/\/www.ernstbrunn-apotheke.at\/katalog\/produkt\/yogi-tee-gruene-energie\/"},"modified":"2025-12-09T10:32:07","modified_gmt":"2025-12-09T09:32:07","slug":"yogi-tee-gruene-energie","status":"publish","type":"product","link":"https:\/\/www.ernstbrunn-apotheke.at\/katalog\/produkt\/yogi-tee-gruene-energie\/","title":{"rendered":"Yogi Tee Gr\u00fcne Energie"},"content":{"rendered":"<p>Yogi Tee Gr\u00fcne Energie f\u00f6rdert unsere innere Wachheit und Konzentration. Die herb-fruchtige Geschmacksnote und das Ausdauer schenkende Guarana aus dem Regenwald unterstreichen diese Aspekte. Die liebliche Note verleihen weitere Kr\u00e4uterausz\u00fcge wie Holunderbl\u00fcte, getrockneter Kombuchaextrakt oder Zitronenverbene.<\/p>\n","protected":false},"excerpt":{"rendered":"<p>Yogi Tee Gr\u00fcne Energie f\u00f6rdert unsere innere Wachheit und Konzentration. Die herb-fruchtige Geschmacksnote und das Ausdauer schenkende Guarana aus dem Regenwald unterstreichen diese Aspekte. Die liebliche Note verleihen weitere Kr\u00e4uterausz\u00fcge wie Holunderbl\u00fcte, getrockneter Kombuchaextrakt oder Zitronenverbene.<\/p>\n","protected":false},"featured_media":137649,"template":"","meta":{"_acf_changed":false},"product_brand":[1510],"product_cat":[835],"product_tag":[],"class_list":{"0":"post-137647","1":"product","2":"type-product","3":"status-publish","4":"has-post-thumbnail","6":"product_brand-yogi-tee","7":"product_cat-y","8":"pa_packungsgroesse-500","10":"first","11":"instock","12":"shipping-taxable","13":"purchasable","14":"product-type-simple"},"acf":[],"_links":{"self":[{"href":"https:\/\/www.ernstbrunn-apotheke.at\/katalog\/wp-json\/wp\/v2\/product\/137647","targetHints":{"allow":["GET"]}}],"collection":[{"href":"https:\/\/www.ernstbrunn-apotheke.at\/katalog\/wp-json\/wp\/v2\/product"}],"about":[{"href":"https:\/\/www.ernstbrunn-apotheke.at\/katalog\/wp-json\/wp\/v2\/types\/product"}],"wp:featuredmedia":[{"embeddable":true,"href":"https:\/\/www.ernstbrunn-apotheke.at\/katalog\/wp-json\/wp\/v2\/media\/137649"}],"wp:attachment":[{"href":"https:\/\/www.ernstbrunn-apotheke.at\/katalog\/wp-json\/wp\/v2\/media?parent=137647"}],"wp:term":[{"taxonomy":"product_brand","embeddable":true,"href":"https:\/\/www.ernstbrunn-apotheke.at\/katalog\/wp-json\/wp\/v2\/product_brand?post=137647"},{"taxonomy":"product_cat","embeddable":true,"href":"https:\/\/www.ernstbrunn-apotheke.at\/katalog\/wp-json\/wp\/v2\/product_cat?post=137647"},{"taxonomy":"product_tag","embeddable":true,"href":"https:\/\/www.ernstbrunn-apotheke.at\/katalog\/wp-json\/wp\/v2\/product_tag?post=137647"}],"curies":[{"name":"wp","href":"https:\/\/api.w.org\/{rel}","templated":true}]}}