{"id":137644,"date":"2025-11-14T17:53:23","date_gmt":"2025-11-14T16:53:23","guid":{"rendered":"https:\/\/www.ernstbrunn-apotheke.at\/katalog\/produkt\/yogi-tee-glueck\/"},"modified":"2025-12-09T10:32:06","modified_gmt":"2025-12-09T09:32:06","slug":"yogi-tee-glueck","status":"publish","type":"product","link":"https:\/\/www.ernstbrunn-apotheke.at\/katalog\/produkt\/yogi-tee-glueck\/","title":{"rendered":"Yogi Tee Gl\u00fcck"},"content":{"rendered":"<p>Yogi Tee Gl\u00fcck erinnert uns an die heitere Gelassenheit, die sich auf dem Grunde unseres eigenen Selbst befindet. Wir sehen wieder die Sonne hinter den Wolken und trinken einen s\u00fc\u00dfen Tee, der schmeckt wie ein gl\u00fccklicher Sommertag, inspiriert von w\u00fcrzigen, feinherben und zugleich fruchtigen Zutaten wie Hopfen, Orangenschalen oder Kardamom.<\/p>\n","protected":false},"excerpt":{"rendered":"<p>Yogi Tee Gl\u00fcck erinnert uns an die heitere Gelassenheit, die sich auf dem Grunde unseres eigenen Selbst befindet. Wir sehen wieder die Sonne hinter den Wolken und trinken einen s\u00fc\u00dfen Tee, der schmeckt wie ein gl\u00fccklicher Sommertag, inspiriert von w\u00fcrzigen, feinherben und zugleich fruchtigen Zutaten wie Hopfen, Orangenschalen oder Kardamom.<\/p>\n","protected":false},"featured_media":137646,"template":"","meta":{"_acf_changed":false},"product_brand":[1510],"product_cat":[835],"product_tag":[],"class_list":{"0":"post-137644","1":"product","2":"type-product","3":"status-publish","4":"has-post-thumbnail","6":"product_brand-yogi-tee","7":"product_cat-y","8":"pa_packungsgroesse-500","10":"first","11":"instock","12":"shipping-taxable","13":"purchasable","14":"product-type-simple"},"acf":[],"_links":{"self":[{"href":"https:\/\/www.ernstbrunn-apotheke.at\/katalog\/wp-json\/wp\/v2\/product\/137644","targetHints":{"allow":["GET"]}}],"collection":[{"href":"https:\/\/www.ernstbrunn-apotheke.at\/katalog\/wp-json\/wp\/v2\/product"}],"about":[{"href":"https:\/\/www.ernstbrunn-apotheke.at\/katalog\/wp-json\/wp\/v2\/types\/product"}],"wp:featuredmedia":[{"embeddable":true,"href":"https:\/\/www.ernstbrunn-apotheke.at\/katalog\/wp-json\/wp\/v2\/media\/137646"}],"wp:attachment":[{"href":"https:\/\/www.ernstbrunn-apotheke.at\/katalog\/wp-json\/wp\/v2\/media?parent=137644"}],"wp:term":[{"taxonomy":"product_brand","embeddable":true,"href":"https:\/\/www.ernstbrunn-apotheke.at\/katalog\/wp-json\/wp\/v2\/product_brand?post=137644"},{"taxonomy":"product_cat","embeddable":true,"href":"https:\/\/www.ernstbrunn-apotheke.at\/katalog\/wp-json\/wp\/v2\/product_cat?post=137644"},{"taxonomy":"product_tag","embeddable":true,"href":"https:\/\/www.ernstbrunn-apotheke.at\/katalog\/wp-json\/wp\/v2\/product_tag?post=137644"}],"curies":[{"name":"wp","href":"https:\/\/api.w.org\/{rel}","templated":true}]}}