{"id":137641,"date":"2025-11-14T17:53:23","date_gmt":"2025-11-14T16:53:23","guid":{"rendered":"https:\/\/www.ernstbrunn-apotheke.at\/katalog\/produkt\/yogi-tee-frauen-power-beutel\/"},"modified":"2025-12-09T10:32:06","modified_gmt":"2025-12-09T09:32:06","slug":"yogi-tee-frauen-power-beutel","status":"publish","type":"product","link":"https:\/\/www.ernstbrunn-apotheke.at\/katalog\/produkt\/yogi-tee-frauen-power-beutel\/","title":{"rendered":"Yogi Tee Frauen Power Beutel"},"content":{"rendered":"<p>Yogi Tee Frauen Power Beutel ist beschwingt durch fruchtigen Hibiskus, Himbeerbl\u00e4tter und Angelikawurzel. Die subtile Botschaft dieses Tees ist: \u00e4Gro\u00dfe nat\u00fcrliche Kraftquelle\u201c.<\/p>\n","protected":false},"excerpt":{"rendered":"<p>Yogi Tee Frauen Power Beutel ist beschwingt durch fruchtigen Hibiskus, Himbeerbl\u00e4tter und Angelikawurzel. Die subtile Botschaft dieses Tees ist: \u00e4Gro\u00dfe nat\u00fcrliche Kraftquelle\u201c.<\/p>\n","protected":false},"featured_media":137643,"template":"","meta":{"_acf_changed":false},"product_brand":[1510],"product_cat":[835],"product_tag":[],"class_list":{"0":"post-137641","1":"product","2":"type-product","3":"status-publish","4":"has-post-thumbnail","6":"product_brand-yogi-tee","7":"product_cat-y","8":"pa_packungsgroesse-500","10":"first","11":"instock","12":"shipping-taxable","13":"purchasable","14":"product-type-simple"},"acf":[],"_links":{"self":[{"href":"https:\/\/www.ernstbrunn-apotheke.at\/katalog\/wp-json\/wp\/v2\/product\/137641","targetHints":{"allow":["GET"]}}],"collection":[{"href":"https:\/\/www.ernstbrunn-apotheke.at\/katalog\/wp-json\/wp\/v2\/product"}],"about":[{"href":"https:\/\/www.ernstbrunn-apotheke.at\/katalog\/wp-json\/wp\/v2\/types\/product"}],"wp:featuredmedia":[{"embeddable":true,"href":"https:\/\/www.ernstbrunn-apotheke.at\/katalog\/wp-json\/wp\/v2\/media\/137643"}],"wp:attachment":[{"href":"https:\/\/www.ernstbrunn-apotheke.at\/katalog\/wp-json\/wp\/v2\/media?parent=137641"}],"wp:term":[{"taxonomy":"product_brand","embeddable":true,"href":"https:\/\/www.ernstbrunn-apotheke.at\/katalog\/wp-json\/wp\/v2\/product_brand?post=137641"},{"taxonomy":"product_cat","embeddable":true,"href":"https:\/\/www.ernstbrunn-apotheke.at\/katalog\/wp-json\/wp\/v2\/product_cat?post=137641"},{"taxonomy":"product_tag","embeddable":true,"href":"https:\/\/www.ernstbrunn-apotheke.at\/katalog\/wp-json\/wp\/v2\/product_tag?post=137641"}],"curies":[{"name":"wp","href":"https:\/\/api.w.org\/{rel}","templated":true}]}}