{"id":137631,"date":"2025-11-14T17:52:14","date_gmt":"2025-11-14T16:52:14","guid":{"rendered":"https:\/\/www.ernstbrunn-apotheke.at\/katalog\/produkt\/yogi-tee-frauen-beutel\/"},"modified":"2025-12-09T10:32:05","modified_gmt":"2025-12-09T09:32:05","slug":"yogi-tee-frauen-beutel","status":"publish","type":"product","link":"https:\/\/www.ernstbrunn-apotheke.at\/katalog\/produkt\/yogi-tee-frauen-beutel\/","title":{"rendered":"Yogi Tee Frauen Beutel"},"content":{"rendered":"<p>Yogi Tee Frauen Beutel enth\u00e4lt die Gew\u00fcrze Ingwer, Orangenschalen und Angelikawurzel. Auf diese Gew\u00fcrze sprechen Frauen in besonderer Weise an und finden dadurch Balance in ihren pers\u00f6nlichen und nat\u00fcrlichen Lebenszyklen.<\/p>\n","protected":false},"excerpt":{"rendered":"<p>Yogi Tee Frauen Beutel enth\u00e4lt die Gew\u00fcrze Ingwer, Orangenschalen und Angelikawurzel. Auf diese Gew\u00fcrze sprechen Frauen in besonderer Weise an und finden dadurch Balance in ihren pers\u00f6nlichen und nat\u00fcrlichen Lebenszyklen.<\/p>\n","protected":false},"featured_media":137633,"template":"","meta":{"_acf_changed":false},"product_brand":[1510],"product_cat":[835],"product_tag":[],"class_list":{"0":"post-137631","1":"product","2":"type-product","3":"status-publish","4":"has-post-thumbnail","6":"product_brand-yogi-tee","7":"product_cat-y","8":"pa_packungsgroesse-500","10":"first","11":"instock","12":"shipping-taxable","13":"purchasable","14":"product-type-simple"},"acf":[],"_links":{"self":[{"href":"https:\/\/www.ernstbrunn-apotheke.at\/katalog\/wp-json\/wp\/v2\/product\/137631","targetHints":{"allow":["GET"]}}],"collection":[{"href":"https:\/\/www.ernstbrunn-apotheke.at\/katalog\/wp-json\/wp\/v2\/product"}],"about":[{"href":"https:\/\/www.ernstbrunn-apotheke.at\/katalog\/wp-json\/wp\/v2\/types\/product"}],"wp:featuredmedia":[{"embeddable":true,"href":"https:\/\/www.ernstbrunn-apotheke.at\/katalog\/wp-json\/wp\/v2\/media\/137633"}],"wp:attachment":[{"href":"https:\/\/www.ernstbrunn-apotheke.at\/katalog\/wp-json\/wp\/v2\/media?parent=137631"}],"wp:term":[{"taxonomy":"product_brand","embeddable":true,"href":"https:\/\/www.ernstbrunn-apotheke.at\/katalog\/wp-json\/wp\/v2\/product_brand?post=137631"},{"taxonomy":"product_cat","embeddable":true,"href":"https:\/\/www.ernstbrunn-apotheke.at\/katalog\/wp-json\/wp\/v2\/product_cat?post=137631"},{"taxonomy":"product_tag","embeddable":true,"href":"https:\/\/www.ernstbrunn-apotheke.at\/katalog\/wp-json\/wp\/v2\/product_tag?post=137631"}],"curies":[{"name":"wp","href":"https:\/\/api.w.org\/{rel}","templated":true}]}}