{"id":137618,"date":"2025-11-14T17:52:14","date_gmt":"2025-11-14T16:52:14","guid":{"rendered":"https:\/\/www.ernstbrunn-apotheke.at\/katalog\/produkt\/yogi-tee-aura-beutel\/"},"modified":"2025-12-09T10:32:04","modified_gmt":"2025-12-09T09:32:04","slug":"yogi-tee-aura-beutel","status":"publish","type":"product","link":"https:\/\/www.ernstbrunn-apotheke.at\/katalog\/produkt\/yogi-tee-aura-beutel\/","title":{"rendered":"Yogi Tee Aura Beutel"},"content":{"rendered":"<p>Als Yogi Bhajan 1969 in den Westen kam, brachte er den unermesslichen Wissensschatz des Ayurveda mit. Mit seinen Sch\u00fclern teilte er seine Weisheit und sein Wissen \u00fcber ein gesundes Leben und die Verwendung von ausgesuchten Kr\u00e4utern und Gew\u00fcrzen und servierte ihnen einen wohligen und aromatischen Gew\u00fcrztee, den die Sch\u00fcler in liebevoller Weise den \u00e4Tee des Yogi\u201c nannten.Diese einzigartige, auf einem Originalrezept von Yogi Bhajan basierende ayurvedische Teemischung aus Zimt, Kardamom, Ingwer, Nelken und schwarzem Pfeffer wurde in Europa erstmals in den 70er Jahren und ab 1987 offiziell unter der Marke YOGI TEE\u00ae angeboten. Heute sch\u00e4tzen Menschen auf der ganzen Welt die besonderen Geschmacksnoten von mehr als 80 ausgew\u00e4hlten Kr\u00e4utern und Gew\u00fcrzen aus kontrolliert biologischem Anbau, die den 44 verschiedenen Sorten YOGI TEA\u00ae ein unvergleichbares Aroma verleihen und mit ihrer wohltuenden Wirkung die Lebensfreude und Vitalit\u00e4t f\u00f6rdern.<\/p>\n","protected":false},"excerpt":{"rendered":"<p>Als Yogi Bhajan 1969 in den Westen kam, brachte er den unermesslichen Wissensschatz des Ayurveda mit. Mit seinen Sch\u00fclern teilte er seine Weisheit und sein Wissen \u00fcber ein gesundes Leben und die Verwendung von ausgesuchten Kr\u00e4utern und Gew\u00fcrzen und servierte ihnen einen wohligen und aromatischen Gew\u00fcrztee, den die Sch\u00fcler in liebevoller Weise den \u00e4Tee des [&hellip;]<\/p>\n","protected":false},"featured_media":137620,"template":"","meta":{"_acf_changed":false},"product_brand":[1510],"product_cat":[835],"product_tag":[],"class_list":{"0":"post-137618","1":"product","2":"type-product","3":"status-publish","4":"has-post-thumbnail","6":"product_brand-yogi-tee","7":"product_cat-y","8":"pa_packungsgroesse-500","10":"first","11":"instock","12":"shipping-taxable","13":"purchasable","14":"product-type-simple"},"acf":[],"_links":{"self":[{"href":"https:\/\/www.ernstbrunn-apotheke.at\/katalog\/wp-json\/wp\/v2\/product\/137618","targetHints":{"allow":["GET"]}}],"collection":[{"href":"https:\/\/www.ernstbrunn-apotheke.at\/katalog\/wp-json\/wp\/v2\/product"}],"about":[{"href":"https:\/\/www.ernstbrunn-apotheke.at\/katalog\/wp-json\/wp\/v2\/types\/product"}],"wp:featuredmedia":[{"embeddable":true,"href":"https:\/\/www.ernstbrunn-apotheke.at\/katalog\/wp-json\/wp\/v2\/media\/137620"}],"wp:attachment":[{"href":"https:\/\/www.ernstbrunn-apotheke.at\/katalog\/wp-json\/wp\/v2\/media?parent=137618"}],"wp:term":[{"taxonomy":"product_brand","embeddable":true,"href":"https:\/\/www.ernstbrunn-apotheke.at\/katalog\/wp-json\/wp\/v2\/product_brand?post=137618"},{"taxonomy":"product_cat","embeddable":true,"href":"https:\/\/www.ernstbrunn-apotheke.at\/katalog\/wp-json\/wp\/v2\/product_cat?post=137618"},{"taxonomy":"product_tag","embeddable":true,"href":"https:\/\/www.ernstbrunn-apotheke.at\/katalog\/wp-json\/wp\/v2\/product_tag?post=137618"}],"curies":[{"name":"wp","href":"https:\/\/api.w.org\/{rel}","templated":true}]}}