{"id":137605,"date":"2025-11-14T17:52:14","date_gmt":"2025-11-14T16:52:14","guid":{"rendered":"https:\/\/www.ernstbrunn-apotheke.at\/katalog\/produkt\/yogi-tee-classic-chai-lose\/"},"modified":"2025-12-09T10:32:03","modified_gmt":"2025-12-09T09:32:03","slug":"yogi-tee-classic-chai-lose","status":"publish","type":"product","link":"https:\/\/www.ernstbrunn-apotheke.at\/katalog\/produkt\/yogi-tee-classic-chai-lose\/","title":{"rendered":"Yogi Tee Classic Chai Lose"},"content":{"rendered":"<p>Yogi Tee Classic Chai Lose versammelt die geballte Kraft exotischer Gew\u00fcrze: Sanfter, s\u00fc\u00dfer Zimt, spritzig inspirierender Ingwer, s\u00fc\u00dfer Kardamom, Nelken und Pfeffer. W\u00e4rmend und entspannend, lecker, w\u00fcrzig, wunderbar. Am besten ges\u00fc\u00dft und mit Milch oder Milchersatz genie\u00dfen.<\/p>\n","protected":false},"excerpt":{"rendered":"<p>Yogi Tee Classic Chai Lose versammelt die geballte Kraft exotischer Gew\u00fcrze: Sanfter, s\u00fc\u00dfer Zimt, spritzig inspirierender Ingwer, s\u00fc\u00dfer Kardamom, Nelken und Pfeffer. W\u00e4rmend und entspannend, lecker, w\u00fcrzig, wunderbar. Am besten ges\u00fc\u00dft und mit Milch oder Milchersatz genie\u00dfen.<\/p>\n","protected":false},"featured_media":137607,"template":"","meta":{"_acf_changed":false},"product_brand":[1510],"product_cat":[835],"product_tag":[],"class_list":{"0":"post-137605","1":"product","2":"type-product","3":"status-publish","4":"has-post-thumbnail","6":"product_brand-yogi-tee","7":"product_cat-y","8":"pa_packungsgroesse-90g","10":"first","11":"instock","12":"shipping-taxable","13":"purchasable","14":"product-type-simple"},"acf":[],"_links":{"self":[{"href":"https:\/\/www.ernstbrunn-apotheke.at\/katalog\/wp-json\/wp\/v2\/product\/137605","targetHints":{"allow":["GET"]}}],"collection":[{"href":"https:\/\/www.ernstbrunn-apotheke.at\/katalog\/wp-json\/wp\/v2\/product"}],"about":[{"href":"https:\/\/www.ernstbrunn-apotheke.at\/katalog\/wp-json\/wp\/v2\/types\/product"}],"wp:featuredmedia":[{"embeddable":true,"href":"https:\/\/www.ernstbrunn-apotheke.at\/katalog\/wp-json\/wp\/v2\/media\/137607"}],"wp:attachment":[{"href":"https:\/\/www.ernstbrunn-apotheke.at\/katalog\/wp-json\/wp\/v2\/media?parent=137605"}],"wp:term":[{"taxonomy":"product_brand","embeddable":true,"href":"https:\/\/www.ernstbrunn-apotheke.at\/katalog\/wp-json\/wp\/v2\/product_brand?post=137605"},{"taxonomy":"product_cat","embeddable":true,"href":"https:\/\/www.ernstbrunn-apotheke.at\/katalog\/wp-json\/wp\/v2\/product_cat?post=137605"},{"taxonomy":"product_tag","embeddable":true,"href":"https:\/\/www.ernstbrunn-apotheke.at\/katalog\/wp-json\/wp\/v2\/product_tag?post=137605"}],"curies":[{"name":"wp","href":"https:\/\/api.w.org\/{rel}","templated":true}]}}