{"id":137602,"date":"2025-11-14T17:51:52","date_gmt":"2025-11-14T16:51:52","guid":{"rendered":"https:\/\/www.ernstbrunn-apotheke.at\/katalog\/produkt\/yogi-tee-classic-beutel\/"},"modified":"2025-12-09T10:32:02","modified_gmt":"2025-12-09T09:32:02","slug":"yogi-tee-classic-beutel","status":"publish","type":"product","link":"https:\/\/www.ernstbrunn-apotheke.at\/katalog\/produkt\/yogi-tee-classic-beutel\/","title":{"rendered":"Yogi Tee Classic Beutel"},"content":{"rendered":"<p>Yogi Tee Classic beinhaltet unter anderm den aromatischen Cassia-Zimt sowie andere leckere Gew\u00fcrze, die in der indischen K\u00fcche t\u00e4glich Verwendung finden und auch bei uns, insbesondere in der kalten Jahreszeit, vielen Backwaren ihren w\u00fcrzigen Geschmack verleihen.<\/p>\n","protected":false},"excerpt":{"rendered":"<p>Yogi Tee Classic beinhaltet unter anderm den aromatischen Cassia-Zimt sowie andere leckere Gew\u00fcrze, die in der indischen K\u00fcche t\u00e4glich Verwendung finden und auch bei uns, insbesondere in der kalten Jahreszeit, vielen Backwaren ihren w\u00fcrzigen Geschmack verleihen.<\/p>\n","protected":false},"featured_media":137604,"template":"","meta":{"_acf_changed":false},"product_brand":[1510],"product_cat":[835],"product_tag":[],"class_list":{"0":"post-137602","1":"product","2":"type-product","3":"status-publish","4":"has-post-thumbnail","6":"product_brand-yogi-tee","7":"product_cat-y","8":"pa_packungsgroesse-500","10":"first","11":"instock","12":"shipping-taxable","13":"purchasable","14":"product-type-simple"},"acf":[],"_links":{"self":[{"href":"https:\/\/www.ernstbrunn-apotheke.at\/katalog\/wp-json\/wp\/v2\/product\/137602","targetHints":{"allow":["GET"]}}],"collection":[{"href":"https:\/\/www.ernstbrunn-apotheke.at\/katalog\/wp-json\/wp\/v2\/product"}],"about":[{"href":"https:\/\/www.ernstbrunn-apotheke.at\/katalog\/wp-json\/wp\/v2\/types\/product"}],"wp:featuredmedia":[{"embeddable":true,"href":"https:\/\/www.ernstbrunn-apotheke.at\/katalog\/wp-json\/wp\/v2\/media\/137604"}],"wp:attachment":[{"href":"https:\/\/www.ernstbrunn-apotheke.at\/katalog\/wp-json\/wp\/v2\/media?parent=137602"}],"wp:term":[{"taxonomy":"product_brand","embeddable":true,"href":"https:\/\/www.ernstbrunn-apotheke.at\/katalog\/wp-json\/wp\/v2\/product_brand?post=137602"},{"taxonomy":"product_cat","embeddable":true,"href":"https:\/\/www.ernstbrunn-apotheke.at\/katalog\/wp-json\/wp\/v2\/product_cat?post=137602"},{"taxonomy":"product_tag","embeddable":true,"href":"https:\/\/www.ernstbrunn-apotheke.at\/katalog\/wp-json\/wp\/v2\/product_tag?post=137602"}],"curies":[{"name":"wp","href":"https:\/\/api.w.org\/{rel}","templated":true}]}}