{"id":137596,"date":"2025-11-14T17:51:52","date_gmt":"2025-11-14T16:51:52","guid":{"rendered":"https:\/\/www.ernstbrunn-apotheke.at\/katalog\/produkt\/yogi-tee-atem\/"},"modified":"2025-12-09T10:32:01","modified_gmt":"2025-12-09T09:32:01","slug":"yogi-tee-atem","status":"publish","type":"product","link":"https:\/\/www.ernstbrunn-apotheke.at\/katalog\/produkt\/yogi-tee-atem\/","title":{"rendered":"Yogi Tee Atem"},"content":{"rendered":"<p>Yogi Tee Atem vermittelt mit Hilfe von Eukalyptus das Gef\u00fchl, im ganzen Brustraum weiter zu werden. Prana, die Lebensenergie, kann sich tiefer in uns ausbreiten. Wir atmen auf. Kr\u00e4uter und Gew\u00fcrze wie Thymian und Eukalyptus f\u00f6rdern diesen elementaren Prozess.<\/p>\n","protected":false},"excerpt":{"rendered":"<p>Yogi Tee Atem vermittelt mit Hilfe von Eukalyptus das Gef\u00fchl, im ganzen Brustraum weiter zu werden. Prana, die Lebensenergie, kann sich tiefer in uns ausbreiten. Wir atmen auf. Kr\u00e4uter und Gew\u00fcrze wie Thymian und Eukalyptus f\u00f6rdern diesen elementaren Prozess.<\/p>\n","protected":false},"featured_media":137598,"template":"","meta":{"_acf_changed":false},"product_brand":[1510],"product_cat":[835],"product_tag":[],"class_list":{"0":"post-137596","1":"product","2":"type-product","3":"status-publish","4":"has-post-thumbnail","6":"product_brand-yogi-tee","7":"product_cat-y","8":"pa_packungsgroesse-500","10":"first","11":"instock","12":"shipping-taxable","13":"purchasable","14":"product-type-simple"},"acf":[],"_links":{"self":[{"href":"https:\/\/www.ernstbrunn-apotheke.at\/katalog\/wp-json\/wp\/v2\/product\/137596","targetHints":{"allow":["GET"]}}],"collection":[{"href":"https:\/\/www.ernstbrunn-apotheke.at\/katalog\/wp-json\/wp\/v2\/product"}],"about":[{"href":"https:\/\/www.ernstbrunn-apotheke.at\/katalog\/wp-json\/wp\/v2\/types\/product"}],"wp:featuredmedia":[{"embeddable":true,"href":"https:\/\/www.ernstbrunn-apotheke.at\/katalog\/wp-json\/wp\/v2\/media\/137598"}],"wp:attachment":[{"href":"https:\/\/www.ernstbrunn-apotheke.at\/katalog\/wp-json\/wp\/v2\/media?parent=137596"}],"wp:term":[{"taxonomy":"product_brand","embeddable":true,"href":"https:\/\/www.ernstbrunn-apotheke.at\/katalog\/wp-json\/wp\/v2\/product_brand?post=137596"},{"taxonomy":"product_cat","embeddable":true,"href":"https:\/\/www.ernstbrunn-apotheke.at\/katalog\/wp-json\/wp\/v2\/product_cat?post=137596"},{"taxonomy":"product_tag","embeddable":true,"href":"https:\/\/www.ernstbrunn-apotheke.at\/katalog\/wp-json\/wp\/v2\/product_tag?post=137596"}],"curies":[{"name":"wp","href":"https:\/\/api.w.org\/{rel}","templated":true}]}}