{"id":137380,"date":"2025-11-14T17:45:32","date_gmt":"2025-11-14T16:45:32","guid":{"rendered":"https:\/\/www.ernstbrunn-apotheke.at\/katalog\/produkt\/weleda-granatapfel-straffendes-gesichtsoel-30-ml\/"},"modified":"2025-12-09T10:31:32","modified_gmt":"2025-12-09T09:31:32","slug":"weleda-granatapfel-straffendes-gesichtsoel-30-ml","status":"publish","type":"product","link":"https:\/\/www.ernstbrunn-apotheke.at\/katalog\/produkt\/weleda-granatapfel-straffendes-gesichtsoel-30-ml\/","title":{"rendered":"Weleda Granatapfel Straffendes Gesichts\u00f6l 30 ml"},"content":{"rendered":"<p>Die leichte, schnell einziehende Formel mit acht wertvollen Bio-Pflanzen\u00f6len wie etwa Granatapfelsamen-, Aprikosenkern-,  Avocado- und Argan\u00f6l schenkt der Haut ein strahlendes Aussehen, pflegt intensiv und verleiht der Haut mehr Elastizit\u00e4t.<\/p>\n","protected":false},"excerpt":{"rendered":"<p>Die leichte, schnell einziehende Formel mit acht wertvollen Bio-Pflanzen\u00f6len wie etwa Granatapfelsamen-, Aprikosenkern-, Avocado- und Argan\u00f6l schenkt der Haut ein strahlendes Aussehen, pflegt intensiv und verleiht der Haut mehr Elastizit\u00e4t.<\/p>\n","protected":false},"featured_media":137382,"template":"","meta":{"_acf_changed":false},"product_brand":[567],"product_cat":[796],"product_tag":[],"class_list":{"0":"post-137380","1":"product","2":"type-product","3":"status-publish","4":"has-post-thumbnail","6":"product_brand-weleda","7":"product_cat-w","8":"pa_packungsgroesse-30ml","10":"first","11":"instock","12":"shipping-taxable","13":"purchasable","14":"product-type-simple"},"acf":[],"_links":{"self":[{"href":"https:\/\/www.ernstbrunn-apotheke.at\/katalog\/wp-json\/wp\/v2\/product\/137380","targetHints":{"allow":["GET"]}}],"collection":[{"href":"https:\/\/www.ernstbrunn-apotheke.at\/katalog\/wp-json\/wp\/v2\/product"}],"about":[{"href":"https:\/\/www.ernstbrunn-apotheke.at\/katalog\/wp-json\/wp\/v2\/types\/product"}],"wp:featuredmedia":[{"embeddable":true,"href":"https:\/\/www.ernstbrunn-apotheke.at\/katalog\/wp-json\/wp\/v2\/media\/137382"}],"wp:attachment":[{"href":"https:\/\/www.ernstbrunn-apotheke.at\/katalog\/wp-json\/wp\/v2\/media?parent=137380"}],"wp:term":[{"taxonomy":"product_brand","embeddable":true,"href":"https:\/\/www.ernstbrunn-apotheke.at\/katalog\/wp-json\/wp\/v2\/product_brand?post=137380"},{"taxonomy":"product_cat","embeddable":true,"href":"https:\/\/www.ernstbrunn-apotheke.at\/katalog\/wp-json\/wp\/v2\/product_cat?post=137380"},{"taxonomy":"product_tag","embeddable":true,"href":"https:\/\/www.ernstbrunn-apotheke.at\/katalog\/wp-json\/wp\/v2\/product_tag?post=137380"}],"curies":[{"name":"wp","href":"https:\/\/api.w.org\/{rel}","templated":true}]}}