{"id":137364,"date":"2025-11-14T17:45:32","date_gmt":"2025-11-14T16:45:32","guid":{"rendered":"https:\/\/www.ernstbrunn-apotheke.at\/katalog\/produkt\/weleda-inspire-schoenheitsdusche-granatapfel-20-ml\/"},"modified":"2025-12-09T10:31:30","modified_gmt":"2025-12-09T09:31:30","slug":"weleda-inspire-schoenheitsdusche-granatapfel-20-ml","status":"publish","type":"product","link":"https:\/\/www.ernstbrunn-apotheke.at\/katalog\/produkt\/weleda-inspire-schoenheitsdusche-granatapfel-20-ml\/","title":{"rendered":"Weleda Inspire &#8211; Sch\u00f6nheitsdusche Granatapfel 20 ml"},"content":{"rendered":"<p>Bringen Sie mit der neuen Weleda Granatapfel-Sch\u00f6nheitsdusche Ihre innere und \u00e4u\u00dfere Sch\u00f6nheit in Einklang, w\u00e4hrend der sinnlich-feminine Duft von Sandelholz, Davana, Neroli und Blutorange inspiriert und ausgleichend auf K\u00f6rper, Geist und Seele wirkt.<\/p>\n","protected":false},"excerpt":{"rendered":"<p>Bringen Sie mit der neuen Weleda Granatapfel-Sch\u00f6nheitsdusche Ihre innere und \u00e4u\u00dfere Sch\u00f6nheit in Einklang, w\u00e4hrend der sinnlich-feminine Duft von Sandelholz, Davana, Neroli und Blutorange inspiriert und ausgleichend auf K\u00f6rper, Geist und Seele wirkt.<\/p>\n","protected":false},"featured_media":137366,"template":"","meta":{"_acf_changed":false},"product_brand":[567],"product_cat":[796],"product_tag":[],"class_list":{"0":"post-137364","1":"product","2":"type-product","3":"status-publish","4":"has-post-thumbnail","6":"product_brand-weleda","7":"product_cat-w","8":"pa_packungsgroesse-20ml","10":"first","11":"instock","12":"shipping-taxable","13":"purchasable","14":"product-type-simple"},"acf":[],"_links":{"self":[{"href":"https:\/\/www.ernstbrunn-apotheke.at\/katalog\/wp-json\/wp\/v2\/product\/137364","targetHints":{"allow":["GET"]}}],"collection":[{"href":"https:\/\/www.ernstbrunn-apotheke.at\/katalog\/wp-json\/wp\/v2\/product"}],"about":[{"href":"https:\/\/www.ernstbrunn-apotheke.at\/katalog\/wp-json\/wp\/v2\/types\/product"}],"wp:featuredmedia":[{"embeddable":true,"href":"https:\/\/www.ernstbrunn-apotheke.at\/katalog\/wp-json\/wp\/v2\/media\/137366"}],"wp:attachment":[{"href":"https:\/\/www.ernstbrunn-apotheke.at\/katalog\/wp-json\/wp\/v2\/media?parent=137364"}],"wp:term":[{"taxonomy":"product_brand","embeddable":true,"href":"https:\/\/www.ernstbrunn-apotheke.at\/katalog\/wp-json\/wp\/v2\/product_brand?post=137364"},{"taxonomy":"product_cat","embeddable":true,"href":"https:\/\/www.ernstbrunn-apotheke.at\/katalog\/wp-json\/wp\/v2\/product_cat?post=137364"},{"taxonomy":"product_tag","embeddable":true,"href":"https:\/\/www.ernstbrunn-apotheke.at\/katalog\/wp-json\/wp\/v2\/product_tag?post=137364"}],"curies":[{"name":"wp","href":"https:\/\/api.w.org\/{rel}","templated":true}]}}