{"id":137361,"date":"2025-11-14T17:45:11","date_gmt":"2025-11-14T16:45:11","guid":{"rendered":"https:\/\/www.ernstbrunn-apotheke.at\/katalog\/produkt\/wekomed-melkfett-mit-ringelblume-100-g\/"},"modified":"2025-12-09T10:31:28","modified_gmt":"2025-12-09T09:31:28","slug":"wekomed-melkfett-mit-ringelblume-100-g","status":"publish","type":"product","link":"https:\/\/www.ernstbrunn-apotheke.at\/katalog\/produkt\/wekomed-melkfett-mit-ringelblume-100-g\/","title":{"rendered":"Wekomed Melkfett mit Ringelblume 100 g"},"content":{"rendered":"<p>Wekomed Melkfett mit Ringelblume ist die Originalrezeptur einer seit langer Zeit bew\u00e4hrten Pflegeserie aus nichtoxidierenden Bestandteilen auf der Basis nat\u00fcrlicher Mineral\u00f6le, naturbelassen und ohne Farb-, Duft- oder Konservierungsstoffe, geruchs-und geschmacksneutral.<\/p>\n","protected":false},"excerpt":{"rendered":"<p>Wekomed Melkfett mit Ringelblume ist die Originalrezeptur einer seit langer Zeit bew\u00e4hrten Pflegeserie aus nichtoxidierenden Bestandteilen auf der Basis nat\u00fcrlicher Mineral\u00f6le, naturbelassen und ohne Farb-, Duft- oder Konservierungsstoffe, geruchs-und geschmacksneutral.<\/p>\n","protected":false},"featured_media":137363,"template":"","meta":{"_acf_changed":false},"product_brand":[],"product_cat":[796],"product_tag":[],"class_list":{"0":"post-137361","1":"product","2":"type-product","3":"status-publish","4":"has-post-thumbnail","6":"product_cat-w","7":"pa_packungsgroesse-100ml","9":"first","10":"instock","11":"shipping-taxable","12":"purchasable","13":"product-type-simple"},"acf":[],"_links":{"self":[{"href":"https:\/\/www.ernstbrunn-apotheke.at\/katalog\/wp-json\/wp\/v2\/product\/137361","targetHints":{"allow":["GET"]}}],"collection":[{"href":"https:\/\/www.ernstbrunn-apotheke.at\/katalog\/wp-json\/wp\/v2\/product"}],"about":[{"href":"https:\/\/www.ernstbrunn-apotheke.at\/katalog\/wp-json\/wp\/v2\/types\/product"}],"wp:featuredmedia":[{"embeddable":true,"href":"https:\/\/www.ernstbrunn-apotheke.at\/katalog\/wp-json\/wp\/v2\/media\/137363"}],"wp:attachment":[{"href":"https:\/\/www.ernstbrunn-apotheke.at\/katalog\/wp-json\/wp\/v2\/media?parent=137361"}],"wp:term":[{"taxonomy":"product_brand","embeddable":true,"href":"https:\/\/www.ernstbrunn-apotheke.at\/katalog\/wp-json\/wp\/v2\/product_brand?post=137361"},{"taxonomy":"product_cat","embeddable":true,"href":"https:\/\/www.ernstbrunn-apotheke.at\/katalog\/wp-json\/wp\/v2\/product_cat?post=137361"},{"taxonomy":"product_tag","embeddable":true,"href":"https:\/\/www.ernstbrunn-apotheke.at\/katalog\/wp-json\/wp\/v2\/product_tag?post=137361"}],"curies":[{"name":"wp","href":"https:\/\/api.w.org\/{rel}","templated":true}]}}