{"id":137344,"date":"2025-11-14T17:44:13","date_gmt":"2025-11-14T16:44:13","guid":{"rendered":"https:\/\/www.ernstbrunn-apotheke.at\/katalog\/produkt\/weihrauchoel-menthol-gel-100-ml\/"},"modified":"2025-12-09T10:31:26","modified_gmt":"2025-12-09T09:31:26","slug":"weihrauchoel-menthol-gel-100-ml","status":"publish","type":"product","link":"https:\/\/www.ernstbrunn-apotheke.at\/katalog\/produkt\/weihrauchoel-menthol-gel-100-ml\/","title":{"rendered":"Weihrauch\u00f6l-Menthol Gel 100 ml"},"content":{"rendered":"<p>Weihrauch\u00f6l-Menthol Gel dient zur Erhaltung der Beweglichkeit. Das Harz des indischen Weihrauchs verf\u00fcgt \u00fcber nat\u00fcrliche Stoffe, die sich ideal f\u00fcr Massagen zur Erhaltung der Beweglichkeit eignen. Das enthaltene Weihrauch\u00f6l, wertvolles Weihrauchdestillat sowie nat\u00fcrliches Menthol ziehen dank der speziellen Gel-Grundlage rasch und r\u00fcckstandslos ein, ohne die Haut auszutrocknen.<\/p>\n","protected":false},"excerpt":{"rendered":"<p>Weihrauch\u00f6l-Menthol Gel dient zur Erhaltung der Beweglichkeit. Das Harz des indischen Weihrauchs verf\u00fcgt \u00fcber nat\u00fcrliche Stoffe, die sich ideal f\u00fcr Massagen zur Erhaltung der Beweglichkeit eignen. Das enthaltene Weihrauch\u00f6l, wertvolles Weihrauchdestillat sowie nat\u00fcrliches Menthol ziehen dank der speziellen Gel-Grundlage rasch und r\u00fcckstandslos ein, ohne die Haut auszutrocknen.<\/p>\n","protected":false},"featured_media":137346,"template":"","meta":{"_acf_changed":false},"product_brand":[],"product_cat":[796],"product_tag":[],"class_list":{"0":"post-137344","1":"product","2":"type-product","3":"status-publish","4":"has-post-thumbnail","6":"product_cat-w","7":"pa_packungsgroesse-100ml","9":"first","10":"instock","11":"shipping-taxable","12":"purchasable","13":"product-type-simple"},"acf":[],"_links":{"self":[{"href":"https:\/\/www.ernstbrunn-apotheke.at\/katalog\/wp-json\/wp\/v2\/product\/137344","targetHints":{"allow":["GET"]}}],"collection":[{"href":"https:\/\/www.ernstbrunn-apotheke.at\/katalog\/wp-json\/wp\/v2\/product"}],"about":[{"href":"https:\/\/www.ernstbrunn-apotheke.at\/katalog\/wp-json\/wp\/v2\/types\/product"}],"wp:featuredmedia":[{"embeddable":true,"href":"https:\/\/www.ernstbrunn-apotheke.at\/katalog\/wp-json\/wp\/v2\/media\/137346"}],"wp:attachment":[{"href":"https:\/\/www.ernstbrunn-apotheke.at\/katalog\/wp-json\/wp\/v2\/media?parent=137344"}],"wp:term":[{"taxonomy":"product_brand","embeddable":true,"href":"https:\/\/www.ernstbrunn-apotheke.at\/katalog\/wp-json\/wp\/v2\/product_brand?post=137344"},{"taxonomy":"product_cat","embeddable":true,"href":"https:\/\/www.ernstbrunn-apotheke.at\/katalog\/wp-json\/wp\/v2\/product_cat?post=137344"},{"taxonomy":"product_tag","embeddable":true,"href":"https:\/\/www.ernstbrunn-apotheke.at\/katalog\/wp-json\/wp\/v2\/product_tag?post=137344"}],"curies":[{"name":"wp","href":"https:\/\/api.w.org\/{rel}","templated":true}]}}